{"id":16059,"date":"2018-10-03T00:00:00","date_gmt":"2018-07-12T22:00:00","guid":{"rendered":"https:\/\/promz.be\/product\/sac-a-dos-antivol-bobby-urban-lite\/"},"modified":"2018-11-29T09:53:26","modified_gmt":"2018-11-29T08:53:26","slug":"sac-a-dos-antivol-bobby-urban-lite","status":"publish","type":"product","link":"https:\/\/promz.be\/fr\/product\/sac-a-dos-antivol-bobby-urban-lite\/","title":{"rendered":"Sac \u00e0 dos antivol Bobby Urban Lite"},"content":{"rendered":"<p>Le Bobby Urban Lite antivol est le compagnon de voyage id\u00e9al. Le sac \u00e0 dos peut \u00eatre ferm\u00e9 compl\u00e8tement en enroulant le compartiment principal et en le verrouillant avec le cadenas \u00e0 combinaison en acier renforc\u00e9. Cette fonction peut \u00e9galement \u00eatre utilis\u00e9e pour attacher le sac autour d&#8217;un objet fixe. Il y a des poches cach\u00e9es avec une protection RFID, \u00e0 l&#8217;arri\u00e8re et aussi dans les bandouli\u00e8res pour vos cartes. Le sac a une poche pour bouteille d&#8217;eau sur le c\u00f4t\u00e9 et un \u00e9lastique d\u00e9tachable pour vos \u00e9quipements sportifs. \u00c0 l&#8217;int\u00e9rieur, il y a des compartiments pour, un ordinateur portable de taille 15.6&#8221;, une tablette de taille allant jusqu&#8217;\u00e0 12.9&#8221; et une pochette pour vos autres objets personnels. Mod\u00e8le d\u00e9pos\u00e9 \u00ae<\/p>\n","protected":false},"excerpt":{"rendered":"<p>Le Bobby Urban Lite antivol est le compagnon de voyage id\u00e9al. Le sac \u00e0 dos peut \u00eatre ferm\u00e9 compl\u00e8tement en enroulant le compartiment principal et en le verrouillant avec le cadenas \u00e0 combinaison en acier renforc\u00e9. Cette fonction peut \u00e9galement \u00eatre utilis\u00e9e pour attacher le sac autour d&#8217;un objet fixe. Il y a des poches cach\u00e9es avec une protection RFID, \u00e0 l&#8217;arri\u00e8re et aussi dans les bandouli\u00e8res pour vos cartes. Le sac a une poche pour bouteille d&#8217;eau sur le c\u00f4t\u00e9 et un \u00e9lastique d\u00e9tachable pour vos \u00e9quipements sportifs. \u00c0 l&#8217;int\u00e9rieur, il y a des compartiments pour, un ordinateur portable de taille 15.6&#8221;, une tablette de taille allant jusqu&#8217;\u00e0 12.9&#8221; et une pochette pour vos autres objets personnels. Mod\u00e8le d\u00e9pos\u00e9 \u00ae [&#8230;]<\/p>\n<p><a class=\"btn btn-secondary understrap-read-more-link\" href=\"https:\/\/promz.be\/fr\/product\/sac-a-dos-antivol-bobby-urban-lite\/\">Lire la suite&#8230;<\/a><\/p>\n","protected":false},"featured_media":15981,"comment_status":"closed","ping_status":"closed","template":"","meta":[],"product_cat":[1014,1023,953,978,954],"product_tag":[6158],"_links":{"self":[{"href":"https:\/\/promz.be\/fr\/wp-json\/wp\/v2\/product\/16059"}],"collection":[{"href":"https:\/\/promz.be\/fr\/wp-json\/wp\/v2\/product"}],"about":[{"href":"https:\/\/promz.be\/fr\/wp-json\/wp\/v2\/types\/product"}],"replies":[{"embeddable":true,"href":"https:\/\/promz.be\/fr\/wp-json\/wp\/v2\/comments?post=16059"}],"wp:featuredmedia":[{"embeddable":true,"href":"https:\/\/promz.be\/fr\/wp-json\/wp\/v2\/media\/15981"}],"wp:attachment":[{"href":"https:\/\/promz.be\/fr\/wp-json\/wp\/v2\/media?parent=16059"}],"wp:term":[{"taxonomy":"product_cat","embeddable":true,"href":"https:\/\/promz.be\/fr\/wp-json\/wp\/v2\/product_cat?post=16059"},{"taxonomy":"product_tag","embeddable":true,"href":"https:\/\/promz.be\/fr\/wp-json\/wp\/v2\/product_tag?post=16059"}],"curies":[{"name":"wp","href":"https:\/\/api.w.org\/{rel}","templated":true}]}}