{"id":16060,"date":"2018-09-25T00:00:00","date_gmt":"2018-11-04T23:00:00","guid":{"rendered":"https:\/\/promz.be\/product\/lampe-dexterieur-cob\/"},"modified":"2018-11-29T09:36:10","modified_gmt":"2018-11-29T08:36:10","slug":"lampe-dexterieur-cob","status":"publish","type":"product","link":"https:\/\/promz.be\/fr\/product\/lampe-dexterieur-cob\/","title":{"rendered":"Lampe d\u2019ext\u00e9rieur COB"},"content":{"rendered":"<p>Lampe d\u2019ext\u00e9rieur COB en ABS, parfaite pour disposer d\u2019une source lumineuse puissante partout o\u00f9 vous allez. Cette lampe est r\u00e9sistante \u00e0 l\u2019eau. Pour l\u2019allumer, rien de plus simple\u00a0: d\u00e9pliez la lampe en utilisant les poign\u00e9es m\u00e9talliques qui peuvent aussi servir \u00e0 la suspendre \u00e0 un arbre ou \u00e0 un autre objet. Piles incluses.<\/p>\n","protected":false},"excerpt":{"rendered":"<p>Lampe d\u2019ext\u00e9rieur COB en ABS, parfaite pour disposer d\u2019une source lumineuse puissante partout o\u00f9 vous allez. Cette lampe est r\u00e9sistante \u00e0 l\u2019eau. Pour l\u2019allumer, rien de plus simple\u00a0: d\u00e9pliez la lampe en utilisant les poign\u00e9es m\u00e9talliques qui peuvent aussi servir \u00e0 la suspendre \u00e0 un arbre ou \u00e0 un autre objet. Piles incluses. [&#8230;]<\/p>\n<p><a class=\"btn btn-secondary understrap-read-more-link\" href=\"https:\/\/promz.be\/fr\/product\/lampe-dexterieur-cob\/\">Lire la suite&#8230;<\/a><\/p>\n","protected":false},"featured_media":15971,"comment_status":"closed","ping_status":"closed","template":"","meta":[],"product_cat":[1014,952,966,1038,954],"product_tag":[],"_links":{"self":[{"href":"https:\/\/promz.be\/fr\/wp-json\/wp\/v2\/product\/16060"}],"collection":[{"href":"https:\/\/promz.be\/fr\/wp-json\/wp\/v2\/product"}],"about":[{"href":"https:\/\/promz.be\/fr\/wp-json\/wp\/v2\/types\/product"}],"replies":[{"embeddable":true,"href":"https:\/\/promz.be\/fr\/wp-json\/wp\/v2\/comments?post=16060"}],"wp:featuredmedia":[{"embeddable":true,"href":"https:\/\/promz.be\/fr\/wp-json\/wp\/v2\/media\/15971"}],"wp:attachment":[{"href":"https:\/\/promz.be\/fr\/wp-json\/wp\/v2\/media?parent=16060"}],"wp:term":[{"taxonomy":"product_cat","embeddable":true,"href":"https:\/\/promz.be\/fr\/wp-json\/wp\/v2\/product_cat?post=16060"},{"taxonomy":"product_tag","embeddable":true,"href":"https:\/\/promz.be\/fr\/wp-json\/wp\/v2\/product_tag?post=16060"}],"curies":[{"name":"wp","href":"https:\/\/api.w.org\/{rel}","templated":true}]}}