{"id":16062,"date":"2017-08-09T00:00:00","date_gmt":"2018-07-25T22:00:00","guid":{"rendered":"https:\/\/promz.be\/product\/porte-cles-enceinte\/"},"modified":"2018-11-29T09:46:44","modified_gmt":"2018-11-29T08:46:44","slug":"porte-cles-enceinte","status":"publish","type":"product","link":"https:\/\/promz.be\/fr\/product\/porte-cles-enceinte\/","title":{"rendered":"Porte-cl\u00e9s enceinte"},"content":{"rendered":"<p>Mini enceinte 2W en ABS qui peut \u00eatre attach\u00e9e facilement \u00e0 votre porte-cl\u00e9s pour l\u2019avoir tout le temps avec vous. La batterie 200 mAh garantit une dur\u00e9e d\u2019\u00e9coute de 1,5 heure et une distance de fonctionnement de 10 m\u00e8tres. Le haut-parleur est recharg\u00e9 en moins d\u2019une heure.<\/p>\n","protected":false},"excerpt":{"rendered":"<p>Mini enceinte 2W en ABS qui peut \u00eatre attach\u00e9e facilement \u00e0 votre porte-cl\u00e9s pour l\u2019avoir tout le temps avec vous. La batterie 200 mAh garantit une dur\u00e9e d\u2019\u00e9coute de 1,5 heure et une distance de fonctionnement de 10 m\u00e8tres. Le haut-parleur est recharg\u00e9 en moins d\u2019une heure. [&#8230;]<\/p>\n<p><a class=\"btn btn-secondary understrap-read-more-link\" href=\"https:\/\/promz.be\/fr\/product\/porte-cles-enceinte\/\">Lire la suite&#8230;<\/a><\/p>\n","protected":false},"featured_media":7605,"comment_status":"closed","ping_status":"open","template":"","meta":[],"product_cat":[948,957,1018],"product_tag":[],"_links":{"self":[{"href":"https:\/\/promz.be\/fr\/wp-json\/wp\/v2\/product\/16062"}],"collection":[{"href":"https:\/\/promz.be\/fr\/wp-json\/wp\/v2\/product"}],"about":[{"href":"https:\/\/promz.be\/fr\/wp-json\/wp\/v2\/types\/product"}],"replies":[{"embeddable":true,"href":"https:\/\/promz.be\/fr\/wp-json\/wp\/v2\/comments?post=16062"}],"wp:featuredmedia":[{"embeddable":true,"href":"https:\/\/promz.be\/fr\/wp-json\/wp\/v2\/media\/7605"}],"wp:attachment":[{"href":"https:\/\/promz.be\/fr\/wp-json\/wp\/v2\/media?parent=16062"}],"wp:term":[{"taxonomy":"product_cat","embeddable":true,"href":"https:\/\/promz.be\/fr\/wp-json\/wp\/v2\/product_cat?post=16062"},{"taxonomy":"product_tag","embeddable":true,"href":"https:\/\/promz.be\/fr\/wp-json\/wp\/v2\/product_tag?post=16062"}],"curies":[{"name":"wp","href":"https:\/\/api.w.org\/{rel}","templated":true}]}}