{"id":16064,"date":"2018-09-18T00:00:00","date_gmt":"2018-09-18T22:00:00","guid":{"rendered":"https:\/\/promz.be\/product\/tirette-de-securite-avec-lumiere-led\/"},"modified":"2018-11-29T09:22:58","modified_gmt":"2018-11-29T08:22:58","slug":"tirette-de-securite-avec-lumiere-led","status":"publish","type":"product","link":"https:\/\/promz.be\/fr\/product\/tirette-de-securite-avec-lumiere-led\/","title":{"rendered":"Tirette de s\u00e9curit\u00e9 avec lumi\u00e8re LED"},"content":{"rendered":"<p>Tirette de s\u00e9curit\u00e9 en ABS avec lumi\u00e8re LED et petit mousqueton. 2 piles CR1220 incluses.<\/p>\n","protected":false},"excerpt":{"rendered":"<p>Tirette de s\u00e9curit\u00e9 en ABS avec lumi\u00e8re LED et petit mousqueton. 2 piles CR1220 incluses. [&#8230;]<\/p>\n<p><a class=\"btn btn-secondary understrap-read-more-link\" href=\"https:\/\/promz.be\/fr\/product\/tirette-de-securite-avec-lumiere-led\/\">Lire la suite&#8230;<\/a><\/p>\n","protected":false},"featured_media":15963,"comment_status":"closed","ping_status":"closed","template":"","meta":[],"product_cat":[952,1023,948,953,1018,983],"product_tag":[],"_links":{"self":[{"href":"https:\/\/promz.be\/fr\/wp-json\/wp\/v2\/product\/16064"}],"collection":[{"href":"https:\/\/promz.be\/fr\/wp-json\/wp\/v2\/product"}],"about":[{"href":"https:\/\/promz.be\/fr\/wp-json\/wp\/v2\/types\/product"}],"replies":[{"embeddable":true,"href":"https:\/\/promz.be\/fr\/wp-json\/wp\/v2\/comments?post=16064"}],"wp:featuredmedia":[{"embeddable":true,"href":"https:\/\/promz.be\/fr\/wp-json\/wp\/v2\/media\/15963"}],"wp:attachment":[{"href":"https:\/\/promz.be\/fr\/wp-json\/wp\/v2\/media?parent=16064"}],"wp:term":[{"taxonomy":"product_cat","embeddable":true,"href":"https:\/\/promz.be\/fr\/wp-json\/wp\/v2\/product_cat?post=16064"},{"taxonomy":"product_tag","embeddable":true,"href":"https:\/\/promz.be\/fr\/wp-json\/wp\/v2\/product_tag?post=16064"}],"curies":[{"name":"wp","href":"https:\/\/api.w.org\/{rel}","templated":true}]}}