{"id":16065,"date":"2018-10-04T00:00:00","date_gmt":"2018-07-18T22:00:00","guid":{"rendered":"https:\/\/promz.be\/product\/sac-shopping-en-jute-lamine-et-toile\/"},"modified":"2018-11-29T09:46:06","modified_gmt":"2018-11-29T08:46:06","slug":"sac-shopping-en-jute-lamine-et-toile","status":"publish","type":"product","link":"https:\/\/promz.be\/fr\/product\/sac-shopping-en-jute-lamine-et-toile\/","title":{"rendered":"Sac shopping en jute lamin\u00e9 et toile"},"content":{"rendered":"<p>Sac shopping en jute lamin\u00e9 et toile anses longues. L&#8217;int\u00e9rieur est lamin\u00e9.<\/p>\n","protected":false},"excerpt":{"rendered":"<p>Sac shopping en jute lamin\u00e9 et toile anses longues. L&#8217;int\u00e9rieur est lamin\u00e9. [&#8230;]<\/p>\n<p><a class=\"btn btn-secondary understrap-read-more-link\" href=\"https:\/\/promz.be\/fr\/product\/sac-shopping-en-jute-lamine-et-toile\/\">Lire la suite&#8230;<\/a><\/p>\n","protected":false},"featured_media":15983,"comment_status":"closed","ping_status":"closed","template":"","meta":[],"product_cat":[947,984,980,957,978,954],"product_tag":[4716,4723,6184],"_links":{"self":[{"href":"https:\/\/promz.be\/fr\/wp-json\/wp\/v2\/product\/16065"}],"collection":[{"href":"https:\/\/promz.be\/fr\/wp-json\/wp\/v2\/product"}],"about":[{"href":"https:\/\/promz.be\/fr\/wp-json\/wp\/v2\/types\/product"}],"replies":[{"embeddable":true,"href":"https:\/\/promz.be\/fr\/wp-json\/wp\/v2\/comments?post=16065"}],"wp:featuredmedia":[{"embeddable":true,"href":"https:\/\/promz.be\/fr\/wp-json\/wp\/v2\/media\/15983"}],"wp:attachment":[{"href":"https:\/\/promz.be\/fr\/wp-json\/wp\/v2\/media?parent=16065"}],"wp:term":[{"taxonomy":"product_cat","embeddable":true,"href":"https:\/\/promz.be\/fr\/wp-json\/wp\/v2\/product_cat?post=16065"},{"taxonomy":"product_tag","embeddable":true,"href":"https:\/\/promz.be\/fr\/wp-json\/wp\/v2\/product_tag?post=16065"}],"curies":[{"name":"wp","href":"https:\/\/api.w.org\/{rel}","templated":true}]}}