{"id":16067,"date":"2018-07-16T00:00:00","date_gmt":"2018-08-29T22:00:00","guid":{"rendered":"https:\/\/promz.be\/product\/porte-cles-jeton-de-caddie\/"},"modified":"2018-11-29T09:11:44","modified_gmt":"2018-11-29T08:11:44","slug":"porte-cles-jeton-de-caddie","status":"publish","type":"product","link":"https:\/\/promz.be\/fr\/product\/porte-cles-jeton-de-caddie\/","title":{"rendered":"Porte-cl\u00e9s jeton de caddie"},"content":{"rendered":"<p>Porte-cl\u00e9s m\u00e9tal avec jeton de caddie accroch\u00e9 \u00e0 un mousqueton. Facile \u00e0 attacher au trousseau de cl\u00e9s. Adapt\u00e9 aux caddies avec 0,50 et 1,00 euro.<\/p>\n","protected":false},"excerpt":{"rendered":"<p>Porte-cl\u00e9s m\u00e9tal avec jeton de caddie accroch\u00e9 \u00e0 un mousqueton. Facile \u00e0 attacher au trousseau de cl\u00e9s. Adapt\u00e9 aux caddies avec 0,50 et 1,00 euro. [&#8230;]<\/p>\n<p><a class=\"btn btn-secondary understrap-read-more-link\" href=\"https:\/\/promz.be\/fr\/product\/porte-cles-jeton-de-caddie\/\">Lire la suite&#8230;<\/a><\/p>\n","protected":false},"featured_media":16020,"comment_status":"closed","ping_status":"closed","template":"","meta":[],"product_cat":[1026,948,1021,1018,956],"product_tag":[],"_links":{"self":[{"href":"https:\/\/promz.be\/fr\/wp-json\/wp\/v2\/product\/16067"}],"collection":[{"href":"https:\/\/promz.be\/fr\/wp-json\/wp\/v2\/product"}],"about":[{"href":"https:\/\/promz.be\/fr\/wp-json\/wp\/v2\/types\/product"}],"replies":[{"embeddable":true,"href":"https:\/\/promz.be\/fr\/wp-json\/wp\/v2\/comments?post=16067"}],"wp:featuredmedia":[{"embeddable":true,"href":"https:\/\/promz.be\/fr\/wp-json\/wp\/v2\/media\/16020"}],"wp:attachment":[{"href":"https:\/\/promz.be\/fr\/wp-json\/wp\/v2\/media?parent=16067"}],"wp:term":[{"taxonomy":"product_cat","embeddable":true,"href":"https:\/\/promz.be\/fr\/wp-json\/wp\/v2\/product_cat?post=16067"},{"taxonomy":"product_tag","embeddable":true,"href":"https:\/\/promz.be\/fr\/wp-json\/wp\/v2\/product_tag?post=16067"}],"curies":[{"name":"wp","href":"https:\/\/api.w.org\/{rel}","templated":true}]}}