{"id":16069,"date":"2018-08-29T00:00:00","date_gmt":"2018-06-18T22:00:00","guid":{"rendered":"https:\/\/promz.be\/product\/lampe-de-torche-au-logo-lumineux\/"},"modified":"2018-11-29T10:01:45","modified_gmt":"2018-11-29T09:01:45","slug":"lampe-de-torche-au-logo-lumineux","status":"publish","type":"product","link":"https:\/\/promz.be\/fr\/product\/lampe-de-torche-au-logo-lumineux\/","title":{"rendered":"Lampe de torche au logo lumineux"},"content":{"rendered":"<p>Cette lampe de torche tendance et compacte est un cadeau original pour petits et grands. La torche peut \u00eatre attach\u00e9e facilement \u00e0 votre porte-cl\u00e9 gr\u00e2ce au mousqueton.Cet article est compos\u00e9 d&#8217;une lumi\u00e8re LED et livr\u00e9 dans une boite cadeau incluant les piles.<\/p>\n","protected":false},"excerpt":{"rendered":"<p>Cette lampe de torche tendance et compacte est un cadeau original pour petits et grands. La torche peut \u00eatre attach\u00e9e facilement \u00e0 votre porte-cl\u00e9 gr\u00e2ce au mousqueton.Cet article est compos\u00e9 d&#8217;une lumi\u00e8re LED et livr\u00e9 dans une boite cadeau incluant les piles. [&#8230;]<\/p>\n<p><a class=\"btn btn-secondary understrap-read-more-link\" href=\"https:\/\/promz.be\/fr\/product\/lampe-de-torche-au-logo-lumineux\/\">Lire la suite&#8230;<\/a><\/p>\n","protected":false},"featured_media":16054,"comment_status":"closed","ping_status":"closed","template":"","meta":[],"product_cat":[952,948,1038,985,1018],"product_tag":[],"_links":{"self":[{"href":"https:\/\/promz.be\/fr\/wp-json\/wp\/v2\/product\/16069"}],"collection":[{"href":"https:\/\/promz.be\/fr\/wp-json\/wp\/v2\/product"}],"about":[{"href":"https:\/\/promz.be\/fr\/wp-json\/wp\/v2\/types\/product"}],"replies":[{"embeddable":true,"href":"https:\/\/promz.be\/fr\/wp-json\/wp\/v2\/comments?post=16069"}],"wp:featuredmedia":[{"embeddable":true,"href":"https:\/\/promz.be\/fr\/wp-json\/wp\/v2\/media\/16054"}],"wp:attachment":[{"href":"https:\/\/promz.be\/fr\/wp-json\/wp\/v2\/media?parent=16069"}],"wp:term":[{"taxonomy":"product_cat","embeddable":true,"href":"https:\/\/promz.be\/fr\/wp-json\/wp\/v2\/product_cat?post=16069"},{"taxonomy":"product_tag","embeddable":true,"href":"https:\/\/promz.be\/fr\/wp-json\/wp\/v2\/product_tag?post=16069"}],"curies":[{"name":"wp","href":"https:\/\/api.w.org\/{rel}","templated":true}]}}