{"id":16070,"date":"2018-09-24T00:00:00","date_gmt":"2018-11-06T23:00:00","guid":{"rendered":"https:\/\/promz.be\/product\/carte-anti-rfid\/"},"modified":"2018-11-29T09:37:46","modified_gmt":"2018-11-29T08:37:46","slug":"carte-anti-rfid","status":"publish","type":"product","link":"https:\/\/promz.be\/fr\/product\/carte-anti-rfid\/","title":{"rendered":"Carte Anti &#8211; RFID"},"content":{"rendered":"<p>Carte de cr\u00e9dit RFID anti-clonage. Placez cette carte dans votre portefeuille afin d\u2019\u00e9viter la fraude de vos cartes de cr\u00e9dit par les scanners et lecteurs RFID ill\u00e9gaux. La carte comporte un film r\u00e9sistant qui perturbe la fr\u00e9quence des lecteurs de cartes. Cela emp\u00eache l\u2019identification des cartes de type RFID et la liaison avec la puce de votre carte de cr\u00e9dit. Marquage sur la face blanche.<\/p>\n","protected":false},"excerpt":{"rendered":"<p>Carte de cr\u00e9dit RFID anti-clonage. Placez cette carte dans votre portefeuille afin d\u2019\u00e9viter la fraude de vos cartes de cr\u00e9dit par les scanners et lecteurs RFID ill\u00e9gaux. La carte comporte un film r\u00e9sistant qui perturbe la fr\u00e9quence des lecteurs de cartes. Cela emp\u00eache l\u2019identification des cartes de type RFID et la liaison avec la puce de votre carte de cr\u00e9dit. Marquage sur la face blanche. [&#8230;]<\/p>\n<p><a class=\"btn btn-secondary understrap-read-more-link\" href=\"https:\/\/promz.be\/fr\/product\/carte-anti-rfid\/\">Lire la suite&#8230;<\/a><\/p>\n","protected":false},"featured_media":15967,"comment_status":"closed","ping_status":"closed","template":"","meta":[],"product_cat":[1014,957,1001,1013,954],"product_tag":[],"_links":{"self":[{"href":"https:\/\/promz.be\/fr\/wp-json\/wp\/v2\/product\/16070"}],"collection":[{"href":"https:\/\/promz.be\/fr\/wp-json\/wp\/v2\/product"}],"about":[{"href":"https:\/\/promz.be\/fr\/wp-json\/wp\/v2\/types\/product"}],"replies":[{"embeddable":true,"href":"https:\/\/promz.be\/fr\/wp-json\/wp\/v2\/comments?post=16070"}],"wp:featuredmedia":[{"embeddable":true,"href":"https:\/\/promz.be\/fr\/wp-json\/wp\/v2\/media\/15967"}],"wp:attachment":[{"href":"https:\/\/promz.be\/fr\/wp-json\/wp\/v2\/media?parent=16070"}],"wp:term":[{"taxonomy":"product_cat","embeddable":true,"href":"https:\/\/promz.be\/fr\/wp-json\/wp\/v2\/product_cat?post=16070"},{"taxonomy":"product_tag","embeddable":true,"href":"https:\/\/promz.be\/fr\/wp-json\/wp\/v2\/product_tag?post=16070"}],"curies":[{"name":"wp","href":"https:\/\/api.w.org\/{rel}","templated":true}]}}