{"id":16072,"date":"2018-09-03T00:00:00","date_gmt":"2018-06-27T22:00:00","guid":{"rendered":"https:\/\/promz.be\/product\/etiquette-a-bagage-tong\/"},"modified":"2018-11-29T10:10:12","modified_gmt":"2018-11-29T09:10:12","slug":"etiquette-a-bagage-tong","status":"publish","type":"product","link":"https:\/\/promz.be\/fr\/product\/etiquette-a-bagage-tong\/","title":{"rendered":"Etiquette \u00e0 bagage Tong"},"content":{"rendered":"<p>Etiquette \u00e0 bagage en forme de tong. Cette \u00e9tiquette vous fera r\u00eaver \u00e0 votre destination de vacances. Un autre avantage de cette \u00e9tiquette est que vous retrouverez facilement votre bagage gr\u00e2ce \u00e0 sa forme particuli\u00e8re de tong.<\/p>\n","protected":false},"excerpt":{"rendered":"<p>Etiquette \u00e0 bagage en forme de tong. Cette \u00e9tiquette vous fera r\u00eaver \u00e0 votre destination de vacances. Un autre avantage de cette \u00e9tiquette est que vous retrouverez facilement votre bagage gr\u00e2ce \u00e0 sa forme particuli\u00e8re de tong. [&#8230;]<\/p>\n<p><a class=\"btn btn-secondary understrap-read-more-link\" href=\"https:\/\/promz.be\/fr\/product\/etiquette-a-bagage-tong\/\">Lire la suite&#8230;<\/a><\/p>\n","protected":false},"featured_media":16108,"comment_status":"closed","ping_status":"closed","template":"","meta":[],"product_cat":[1014,994,948,1018,954],"product_tag":[],"_links":{"self":[{"href":"https:\/\/promz.be\/fr\/wp-json\/wp\/v2\/product\/16072"}],"collection":[{"href":"https:\/\/promz.be\/fr\/wp-json\/wp\/v2\/product"}],"about":[{"href":"https:\/\/promz.be\/fr\/wp-json\/wp\/v2\/types\/product"}],"replies":[{"embeddable":true,"href":"https:\/\/promz.be\/fr\/wp-json\/wp\/v2\/comments?post=16072"}],"wp:featuredmedia":[{"embeddable":true,"href":"https:\/\/promz.be\/fr\/wp-json\/wp\/v2\/media\/16108"}],"wp:attachment":[{"href":"https:\/\/promz.be\/fr\/wp-json\/wp\/v2\/media?parent=16072"}],"wp:term":[{"taxonomy":"product_cat","embeddable":true,"href":"https:\/\/promz.be\/fr\/wp-json\/wp\/v2\/product_cat?post=16072"},{"taxonomy":"product_tag","embeddable":true,"href":"https:\/\/promz.be\/fr\/wp-json\/wp\/v2\/product_tag?post=16072"}],"curies":[{"name":"wp","href":"https:\/\/api.w.org\/{rel}","templated":true}]}}