{"id":16073,"date":"2018-07-09T00:00:00","date_gmt":"2018-10-04T22:00:00","guid":{"rendered":"https:\/\/promz.be\/product\/set-de-2-lampes-de-velo\/"},"modified":"2018-11-29T09:29:03","modified_gmt":"2018-11-29T08:29:03","slug":"set-de-2-lampes-de-velo","status":"publish","type":"product","link":"https:\/\/promz.be\/fr\/product\/set-de-2-lampes-de-velo\/","title":{"rendered":"Set de 2 lampes de v\u00e9lo"},"content":{"rendered":"<p>Set de 2 lampes de v\u00e9lo en plastique avec attache \u00e9lastique en silicone. Lampe \u00e0 2 LED rouge et \u00e0 2 LED blanc qui peuvent clignoter. Piles en lithium (4x) sont fournies.<\/p>\n","protected":false},"excerpt":{"rendered":"<p>Set de 2 lampes de v\u00e9lo en plastique avec attache \u00e9lastique en silicone. Lampe \u00e0 2 LED rouge et \u00e0 2 LED blanc qui peuvent clignoter. Piles en lithium (4x) sont fournies. [&#8230;]<\/p>\n<p><a class=\"btn btn-secondary understrap-read-more-link\" href=\"https:\/\/promz.be\/fr\/product\/set-de-2-lampes-de-velo\/\">Lire la suite&#8230;<\/a><\/p>\n","protected":false},"featured_media":16022,"comment_status":"closed","ping_status":"closed","template":"","meta":[],"product_cat":[952,1023,953,1038,983],"product_tag":[],"_links":{"self":[{"href":"https:\/\/promz.be\/fr\/wp-json\/wp\/v2\/product\/16073"}],"collection":[{"href":"https:\/\/promz.be\/fr\/wp-json\/wp\/v2\/product"}],"about":[{"href":"https:\/\/promz.be\/fr\/wp-json\/wp\/v2\/types\/product"}],"replies":[{"embeddable":true,"href":"https:\/\/promz.be\/fr\/wp-json\/wp\/v2\/comments?post=16073"}],"wp:featuredmedia":[{"embeddable":true,"href":"https:\/\/promz.be\/fr\/wp-json\/wp\/v2\/media\/16022"}],"wp:attachment":[{"href":"https:\/\/promz.be\/fr\/wp-json\/wp\/v2\/media?parent=16073"}],"wp:term":[{"taxonomy":"product_cat","embeddable":true,"href":"https:\/\/promz.be\/fr\/wp-json\/wp\/v2\/product_cat?post=16073"},{"taxonomy":"product_tag","embeddable":true,"href":"https:\/\/promz.be\/fr\/wp-json\/wp\/v2\/product_tag?post=16073"}],"curies":[{"name":"wp","href":"https:\/\/api.w.org\/{rel}","templated":true}]}}