{"id":16075,"date":"2018-08-16T00:00:00","date_gmt":"2018-06-26T22:00:00","guid":{"rendered":"https:\/\/promz.be\/product\/petit-set-de-culture-5-cm\/"},"modified":"2018-11-29T10:05:13","modified_gmt":"2018-11-29T09:05:13","slug":"petit-set-de-culture-5-cm","status":"publish","type":"product","link":"https:\/\/promz.be\/fr\/product\/petit-set-de-culture-5-cm\/","title":{"rendered":"Petit set de culture 5 cm"},"content":{"rendered":"<p>1 x pot en terre cuite (\u00d8 5,5 cm et hauteur de 5 cm), 1 x sachet de graines au choix, 1 x cube de terre (\u00d8 3 cm), 1 x emballage en carton personnalis\u00e9.<\/p>\n","protected":false},"excerpt":{"rendered":"<p>1 x pot en terre cuite (\u00d8 5,5 cm et hauteur de 5 cm), 1 x sachet de graines au choix, 1 x cube de terre (\u00d8 3 cm), 1 x emballage en carton personnalis\u00e9. [&#8230;]<\/p>\n<p><a class=\"btn btn-secondary understrap-read-more-link\" href=\"https:\/\/promz.be\/fr\/product\/petit-set-de-culture-5-cm\/\">Lire la suite&#8230;<\/a><\/p>\n","protected":false},"featured_media":16037,"comment_status":"closed","ping_status":"closed","template":"","meta":[],"product_cat":[1029,980,950,957,971],"product_tag":[],"_links":{"self":[{"href":"https:\/\/promz.be\/fr\/wp-json\/wp\/v2\/product\/16075"}],"collection":[{"href":"https:\/\/promz.be\/fr\/wp-json\/wp\/v2\/product"}],"about":[{"href":"https:\/\/promz.be\/fr\/wp-json\/wp\/v2\/types\/product"}],"replies":[{"embeddable":true,"href":"https:\/\/promz.be\/fr\/wp-json\/wp\/v2\/comments?post=16075"}],"wp:featuredmedia":[{"embeddable":true,"href":"https:\/\/promz.be\/fr\/wp-json\/wp\/v2\/media\/16037"}],"wp:attachment":[{"href":"https:\/\/promz.be\/fr\/wp-json\/wp\/v2\/media?parent=16075"}],"wp:term":[{"taxonomy":"product_cat","embeddable":true,"href":"https:\/\/promz.be\/fr\/wp-json\/wp\/v2\/product_cat?post=16075"},{"taxonomy":"product_tag","embeddable":true,"href":"https:\/\/promz.be\/fr\/wp-json\/wp\/v2\/product_tag?post=16075"}],"curies":[{"name":"wp","href":"https:\/\/api.w.org\/{rel}","templated":true}]}}