{"id":16076,"date":"2018-08-27T00:00:00","date_gmt":"2018-07-04T22:00:00","guid":{"rendered":"https:\/\/promz.be\/product\/10x-batonnet-de-graines-standard\/"},"modified":"2018-11-29T09:49:45","modified_gmt":"2018-11-29T08:49:45","slug":"10x-batonnet-de-graines-standard","status":"publish","type":"product","link":"https:\/\/promz.be\/fr\/product\/10x-batonnet-de-graines-standard\/","title":{"rendered":"10x B\u00e2tonnet de graines standard"},"content":{"rendered":"<p>10 x b\u00e2tonnet de graines avec graines au choix (Fleurs, Herbes aromatiques, L\u00e9gumes), 1 x enveloppe en carton personnalis\u00e9e.<\/p>\n","protected":false},"excerpt":{"rendered":"<p>10 x b\u00e2tonnet de graines avec graines au choix (Fleurs, Herbes aromatiques, L\u00e9gumes), 1 x enveloppe en carton personnalis\u00e9e. [&#8230;]<\/p>\n<p><a class=\"btn btn-secondary understrap-read-more-link\" href=\"https:\/\/promz.be\/fr\/product\/10x-batonnet-de-graines-standard\/\">Lire la suite&#8230;<\/a><\/p>\n","protected":false},"featured_media":16049,"comment_status":"closed","ping_status":"closed","template":"","meta":[],"product_cat":[1029,980,950,957,971],"product_tag":[],"_links":{"self":[{"href":"https:\/\/promz.be\/fr\/wp-json\/wp\/v2\/product\/16076"}],"collection":[{"href":"https:\/\/promz.be\/fr\/wp-json\/wp\/v2\/product"}],"about":[{"href":"https:\/\/promz.be\/fr\/wp-json\/wp\/v2\/types\/product"}],"replies":[{"embeddable":true,"href":"https:\/\/promz.be\/fr\/wp-json\/wp\/v2\/comments?post=16076"}],"wp:featuredmedia":[{"embeddable":true,"href":"https:\/\/promz.be\/fr\/wp-json\/wp\/v2\/media\/16049"}],"wp:attachment":[{"href":"https:\/\/promz.be\/fr\/wp-json\/wp\/v2\/media?parent=16076"}],"wp:term":[{"taxonomy":"product_cat","embeddable":true,"href":"https:\/\/promz.be\/fr\/wp-json\/wp\/v2\/product_cat?post=16076"},{"taxonomy":"product_tag","embeddable":true,"href":"https:\/\/promz.be\/fr\/wp-json\/wp\/v2\/product_tag?post=16076"}],"curies":[{"name":"wp","href":"https:\/\/api.w.org\/{rel}","templated":true}]}}