{"id":16079,"date":"2018-08-01T00:00:00","date_gmt":"2018-07-31T22:00:00","guid":{"rendered":"https:\/\/promz.be\/product\/baume-a-levres-recycle\/"},"modified":"2018-11-28T16:59:50","modified_gmt":"2018-11-28T15:59:50","slug":"baume-a-levres-recycle","status":"publish","type":"product","link":"https:\/\/promz.be\/fr\/product\/baume-a-levres-recycle\/","title":{"rendered":"Baume \u00e0 l\u00e8vres recycl\u00e9"},"content":{"rendered":"<p>Baume a l\u00e8vre de 4,8 gr, livr\u00e9 dans son etui en plastique recycl\u00e9 \u00e0 98 %, fabriqu\u00e9 sans huile min\u00e9rale, test\u00e9 dermatologiquement en Allemagne, ce produit sera utile lors de vos escapades hivernales.<\/p>\n","protected":false},"excerpt":{"rendered":"<p>Baume a l\u00e8vre de 4,8 gr, livr\u00e9 dans son etui en plastique recycl\u00e9 \u00e0 98 %, fabriqu\u00e9 sans huile min\u00e9rale, test\u00e9 dermatologiquement en Allemagne, ce produit sera utile lors de vos escapades hivernales. [&#8230;]<\/p>\n<p><a class=\"btn btn-secondary understrap-read-more-link\" href=\"https:\/\/promz.be\/fr\/product\/baume-a-levres-recycle\/\">Lire la suite&#8230;<\/a><\/p>\n","protected":false},"featured_media":15979,"comment_status":"closed","ping_status":"closed","template":"","meta":[],"product_cat":[1037,980,1035,957,949],"product_tag":[5922,4723,3255],"_links":{"self":[{"href":"https:\/\/promz.be\/fr\/wp-json\/wp\/v2\/product\/16079"}],"collection":[{"href":"https:\/\/promz.be\/fr\/wp-json\/wp\/v2\/product"}],"about":[{"href":"https:\/\/promz.be\/fr\/wp-json\/wp\/v2\/types\/product"}],"replies":[{"embeddable":true,"href":"https:\/\/promz.be\/fr\/wp-json\/wp\/v2\/comments?post=16079"}],"wp:featuredmedia":[{"embeddable":true,"href":"https:\/\/promz.be\/fr\/wp-json\/wp\/v2\/media\/15979"}],"wp:attachment":[{"href":"https:\/\/promz.be\/fr\/wp-json\/wp\/v2\/media?parent=16079"}],"wp:term":[{"taxonomy":"product_cat","embeddable":true,"href":"https:\/\/promz.be\/fr\/wp-json\/wp\/v2\/product_cat?post=16079"},{"taxonomy":"product_tag","embeddable":true,"href":"https:\/\/promz.be\/fr\/wp-json\/wp\/v2\/product_tag?post=16079"}],"curies":[{"name":"wp","href":"https:\/\/api.w.org\/{rel}","templated":true}]}}