{"id":16080,"date":"2018-08-30T00:00:00","date_gmt":"2018-08-15T22:00:00","guid":{"rendered":"https:\/\/promz.be\/product\/baume-a-levres-spf20-avec-laniere\/"},"modified":"2018-11-29T09:05:19","modified_gmt":"2018-11-29T08:05:19","slug":"baume-a-levres-spf20-avec-laniere","status":"publish","type":"product","link":"https:\/\/promz.be\/fr\/product\/baume-a-levres-spf20-avec-laniere\/","title":{"rendered":"Baume \u00e0 l\u00e8vres spf20 avec lani\u00e8re"},"content":{"rendered":"<p>Baume a l\u00e8vre 4,8 gr, finition polie ou givr\u00e9, fabriqu\u00e9 sans huile min\u00e9rale, test\u00e9 dermatologiquement en Allemagne, ce produit sera utile lors de vos escapades hivernales.<\/p>\n","protected":false},"excerpt":{"rendered":"<p>Baume a l\u00e8vre 4,8 gr, finition polie ou givr\u00e9, fabriqu\u00e9 sans huile min\u00e9rale, test\u00e9 dermatologiquement en Allemagne, ce produit sera utile lors de vos escapades hivernales. [&#8230;]<\/p>\n<p><a class=\"btn btn-secondary understrap-read-more-link\" href=\"https:\/\/promz.be\/fr\/product\/baume-a-levres-spf20-avec-laniere\/\">Lire la suite&#8230;<\/a><\/p>\n","protected":false},"featured_media":16056,"comment_status":"closed","ping_status":"closed","template":"","meta":[],"product_cat":[1037,1035,948,997,957,949],"product_tag":[],"_links":{"self":[{"href":"https:\/\/promz.be\/fr\/wp-json\/wp\/v2\/product\/16080"}],"collection":[{"href":"https:\/\/promz.be\/fr\/wp-json\/wp\/v2\/product"}],"about":[{"href":"https:\/\/promz.be\/fr\/wp-json\/wp\/v2\/types\/product"}],"replies":[{"embeddable":true,"href":"https:\/\/promz.be\/fr\/wp-json\/wp\/v2\/comments?post=16080"}],"wp:featuredmedia":[{"embeddable":true,"href":"https:\/\/promz.be\/fr\/wp-json\/wp\/v2\/media\/16056"}],"wp:attachment":[{"href":"https:\/\/promz.be\/fr\/wp-json\/wp\/v2\/media?parent=16080"}],"wp:term":[{"taxonomy":"product_cat","embeddable":true,"href":"https:\/\/promz.be\/fr\/wp-json\/wp\/v2\/product_cat?post=16080"},{"taxonomy":"product_tag","embeddable":true,"href":"https:\/\/promz.be\/fr\/wp-json\/wp\/v2\/product_tag?post=16080"}],"curies":[{"name":"wp","href":"https:\/\/api.w.org\/{rel}","templated":true}]}}