{"id":16082,"date":"2018-07-16T00:00:00","date_gmt":"2018-07-15T22:00:00","guid":{"rendered":"https:\/\/promz.be\/product\/sac-pour-vos-balades-en-velo\/"},"modified":"2018-11-28T16:55:25","modified_gmt":"2018-11-28T15:55:25","slug":"sac-pour-vos-balades-en-velo","status":"publish","type":"product","link":"https:\/\/promz.be\/fr\/product\/sac-pour-vos-balades-en-velo\/","title":{"rendered":"Sac pour vos balades en v\u00e9lo"},"content":{"rendered":"<p>Sac pour vos balades en v\u00e9lo, fabriqu\u00e9 en 600 D Polyester, avec sa fen\u00eatre, il vous permettra de vous balader en toute s\u00e9curit\u00e9, fermeture a tirette, l\u00e9gerement matelass\u00e9 pour votre tablette ou t\u00e9l\u00e9phonne. Triple fermeture en Velcro, ideal pour un excellent maintien.<\/p>\n","protected":false},"excerpt":{"rendered":"<p>Sac pour vos balades en v\u00e9lo, fabriqu\u00e9 en 600 D Polyester, avec sa fen\u00eatre, il vous permettra de vous balader en toute s\u00e9curit\u00e9, fermeture a tirette, l\u00e9gerement matelass\u00e9 pour votre tablette ou t\u00e9l\u00e9phonne. Triple fermeture en Velcro, ideal pour un excellent maintien. [&#8230;]<\/p>\n<p><a class=\"btn btn-secondary understrap-read-more-link\" href=\"https:\/\/promz.be\/fr\/product\/sac-pour-vos-balades-en-velo\/\">Lire la suite&#8230;<\/a><\/p>\n","protected":false},"featured_media":16014,"comment_status":"closed","ping_status":"closed","template":"","meta":[],"product_cat":[1014,952,978,954,983],"product_tag":[5926,3280,5928],"_links":{"self":[{"href":"https:\/\/promz.be\/fr\/wp-json\/wp\/v2\/product\/16082"}],"collection":[{"href":"https:\/\/promz.be\/fr\/wp-json\/wp\/v2\/product"}],"about":[{"href":"https:\/\/promz.be\/fr\/wp-json\/wp\/v2\/types\/product"}],"replies":[{"embeddable":true,"href":"https:\/\/promz.be\/fr\/wp-json\/wp\/v2\/comments?post=16082"}],"wp:featuredmedia":[{"embeddable":true,"href":"https:\/\/promz.be\/fr\/wp-json\/wp\/v2\/media\/16014"}],"wp:attachment":[{"href":"https:\/\/promz.be\/fr\/wp-json\/wp\/v2\/media?parent=16082"}],"wp:term":[{"taxonomy":"product_cat","embeddable":true,"href":"https:\/\/promz.be\/fr\/wp-json\/wp\/v2\/product_cat?post=16082"},{"taxonomy":"product_tag","embeddable":true,"href":"https:\/\/promz.be\/fr\/wp-json\/wp\/v2\/product_tag?post=16082"}],"curies":[{"name":"wp","href":"https:\/\/api.w.org\/{rel}","templated":true}]}}