{"id":16084,"date":"2018-10-02T00:00:00","date_gmt":"2018-11-11T23:00:00","guid":{"rendered":"https:\/\/promz.be\/product\/boite-a-outils-multifonction\/"},"modified":"2018-11-29T09:44:17","modified_gmt":"2018-11-29T08:44:17","slug":"boite-a-outils-multifonction","status":"publish","type":"product","link":"https:\/\/promz.be\/fr\/product\/boite-a-outils-multifonction\/","title":{"rendered":"Bo\u00eete \u00e0 outils multifonction"},"content":{"rendered":"<p>Ce porte outil, avec sa finition ergonomique sera pratique dans toute les circonstances. Id\u00e9al pour vous travaux a la maison our pour le rangement de vos outils; N\u2019h\u00e9sitez pas a le proposer pour une action ou lors de vos \u00e9v\u00e9nements.<\/p>\n","protected":false},"excerpt":{"rendered":"<p>Ce porte outil, avec sa finition ergonomique sera pratique dans toute les circonstances. Id\u00e9al pour vous travaux a la maison our pour le rangement de vos outils; N\u2019h\u00e9sitez pas a le proposer pour une action ou lors de vos \u00e9v\u00e9nements. [&#8230;]<\/p>\n<p><a class=\"btn btn-secondary understrap-read-more-link\" href=\"https:\/\/promz.be\/fr\/product\/boite-a-outils-multifonction\/\">Lire la suite&#8230;<\/a><\/p>\n","protected":false},"featured_media":15975,"comment_status":"closed","ping_status":"closed","template":"","meta":[],"product_cat":[952,988,950,951,985,1005],"product_tag":[],"_links":{"self":[{"href":"https:\/\/promz.be\/fr\/wp-json\/wp\/v2\/product\/16084"}],"collection":[{"href":"https:\/\/promz.be\/fr\/wp-json\/wp\/v2\/product"}],"about":[{"href":"https:\/\/promz.be\/fr\/wp-json\/wp\/v2\/types\/product"}],"replies":[{"embeddable":true,"href":"https:\/\/promz.be\/fr\/wp-json\/wp\/v2\/comments?post=16084"}],"wp:featuredmedia":[{"embeddable":true,"href":"https:\/\/promz.be\/fr\/wp-json\/wp\/v2\/media\/15975"}],"wp:attachment":[{"href":"https:\/\/promz.be\/fr\/wp-json\/wp\/v2\/media?parent=16084"}],"wp:term":[{"taxonomy":"product_cat","embeddable":true,"href":"https:\/\/promz.be\/fr\/wp-json\/wp\/v2\/product_cat?post=16084"},{"taxonomy":"product_tag","embeddable":true,"href":"https:\/\/promz.be\/fr\/wp-json\/wp\/v2\/product_tag?post=16084"}],"curies":[{"name":"wp","href":"https:\/\/api.w.org\/{rel}","templated":true}]}}