{"id":16085,"date":"2018-11-07T00:00:00","date_gmt":"2018-09-23T22:00:00","guid":{"rendered":"https:\/\/promz.be\/product\/protege-selle-avec-une-bande-reflechissants\/"},"modified":"2018-11-29T09:24:08","modified_gmt":"2018-11-29T08:24:08","slug":"protege-selle-avec-une-bande-reflechissants","status":"publish","type":"product","link":"https:\/\/promz.be\/fr\/product\/protege-selle-avec-une-bande-reflechissants\/","title":{"rendered":"Prot\u00e9ge Selle avec une bande r\u00e9fl\u00e9chissants"},"content":{"rendered":"<p>Prot\u00e9ge selle de v\u00e9lo, fabriqu\u00e9 avec du Pvc Recycl\u00e9, comprend une bande r\u00e9flechissante.<br \/>\nA partir de 500 Pcs, nous pouvons l imprimer sur le dessus en Full Colour.<\/p>\n","protected":false},"excerpt":{"rendered":"<p>Prot\u00e9ge selle de v\u00e9lo, fabriqu\u00e9 avec du Pvc Recycl\u00e9, comprend une bande r\u00e9flechissante.<br \/>\nA partir de 500 Pcs, nous pouvons l imprimer sur le dessus en Full Colour. [&#8230;]<\/p>\n<p><a class=\"btn btn-secondary understrap-read-more-link\" href=\"https:\/\/promz.be\/fr\/product\/protege-selle-avec-une-bande-reflechissants\/\">Lire la suite&#8230;<\/a><\/p>\n","protected":false},"featured_media":15999,"comment_status":"closed","ping_status":"closed","template":"","meta":[],"product_cat":[952,1023,980,957,953,983],"product_tag":[4723],"_links":{"self":[{"href":"https:\/\/promz.be\/fr\/wp-json\/wp\/v2\/product\/16085"}],"collection":[{"href":"https:\/\/promz.be\/fr\/wp-json\/wp\/v2\/product"}],"about":[{"href":"https:\/\/promz.be\/fr\/wp-json\/wp\/v2\/types\/product"}],"replies":[{"embeddable":true,"href":"https:\/\/promz.be\/fr\/wp-json\/wp\/v2\/comments?post=16085"}],"wp:featuredmedia":[{"embeddable":true,"href":"https:\/\/promz.be\/fr\/wp-json\/wp\/v2\/media\/15999"}],"wp:attachment":[{"href":"https:\/\/promz.be\/fr\/wp-json\/wp\/v2\/media?parent=16085"}],"wp:term":[{"taxonomy":"product_cat","embeddable":true,"href":"https:\/\/promz.be\/fr\/wp-json\/wp\/v2\/product_cat?post=16085"},{"taxonomy":"product_tag","embeddable":true,"href":"https:\/\/promz.be\/fr\/wp-json\/wp\/v2\/product_tag?post=16085"}],"curies":[{"name":"wp","href":"https:\/\/api.w.org\/{rel}","templated":true}]}}