{"id":16086,"date":"2018-06-07T00:00:00","date_gmt":"2018-08-09T22:00:00","guid":{"rendered":"https:\/\/promz.be\/product\/bannieres-enroulables\/"},"modified":"2018-11-29T09:02:58","modified_gmt":"2018-11-29T08:02:58","slug":"bannieres-enroulables","status":"publish","type":"product","link":"https:\/\/promz.be\/fr\/product\/bannieres-enroulables\/","title":{"rendered":"Banni\u00e8res enroulables"},"content":{"rendered":"<p>Nos banni\u00e8res enroulables, enfin disponibles dans plusieurs dimensions de 80 cm \u00e0 150 cm de large. Vous pourrez choisir entre les finitions brillantes ou mat.<br \/>\nn\u2019H\u00e9sitez pas \u00e0 v\u00e9rifier ce qui conviendra le mieux pour vous.<\/p>\n","protected":false},"excerpt":{"rendered":"<p>Nos banni\u00e8res enroulables, enfin disponibles dans plusieurs dimensions de 80 cm \u00e0 150 cm de large. Vous pourrez choisir entre les finitions brillantes ou mat.<br \/>\nn\u2019H\u00e9sitez pas \u00e0 v\u00e9rifier ce qui conviendra le mieux pour vous. [&#8230;]<\/p>\n<p><a class=\"btn btn-secondary understrap-read-more-link\" href=\"https:\/\/promz.be\/fr\/product\/bannieres-enroulables\/\">Lire la suite&#8230;<\/a><\/p>\n","protected":false},"featured_media":16010,"comment_status":"closed","ping_status":"closed","template":"","meta":[],"product_cat":[952,957,1033,1031],"product_tag":[],"_links":{"self":[{"href":"https:\/\/promz.be\/fr\/wp-json\/wp\/v2\/product\/16086"}],"collection":[{"href":"https:\/\/promz.be\/fr\/wp-json\/wp\/v2\/product"}],"about":[{"href":"https:\/\/promz.be\/fr\/wp-json\/wp\/v2\/types\/product"}],"replies":[{"embeddable":true,"href":"https:\/\/promz.be\/fr\/wp-json\/wp\/v2\/comments?post=16086"}],"wp:featuredmedia":[{"embeddable":true,"href":"https:\/\/promz.be\/fr\/wp-json\/wp\/v2\/media\/16010"}],"wp:attachment":[{"href":"https:\/\/promz.be\/fr\/wp-json\/wp\/v2\/media?parent=16086"}],"wp:term":[{"taxonomy":"product_cat","embeddable":true,"href":"https:\/\/promz.be\/fr\/wp-json\/wp\/v2\/product_cat?post=16086"},{"taxonomy":"product_tag","embeddable":true,"href":"https:\/\/promz.be\/fr\/wp-json\/wp\/v2\/product_tag?post=16086"}],"curies":[{"name":"wp","href":"https:\/\/api.w.org\/{rel}","templated":true}]}}