{"id":16087,"date":"2018-08-13T00:00:00","date_gmt":"2018-06-27T22:00:00","guid":{"rendered":"https:\/\/promz.be\/product\/drapeaux-pour-evenements\/"},"modified":"2018-11-29T10:12:30","modified_gmt":"2018-11-29T09:12:30","slug":"drapeaux-pour-evenements","status":"publish","type":"product","link":"https:\/\/promz.be\/fr\/product\/drapeaux-pour-evenements\/","title":{"rendered":"Drapeaux pour \u00e9v\u00e9nements"},"content":{"rendered":"<p>Drapeaux pour \u00e9v\u00e9nements, id\u00e9al pour vos \u00e9venements. Cette bani\u00e8re sera une mani\u00e8re id\u00e9ale pour montrer votre communication sous un autre angle.<\/p>\n","protected":false},"excerpt":{"rendered":"<p>Drapeaux pour \u00e9v\u00e9nements, id\u00e9al pour vos \u00e9venements. Cette bani\u00e8re sera une mani\u00e8re id\u00e9ale pour montrer votre communication sous un autre angle. [&#8230;]<\/p>\n<p><a class=\"btn btn-secondary understrap-read-more-link\" href=\"https:\/\/promz.be\/fr\/product\/drapeaux-pour-evenements\/\">Lire la suite&#8230;<\/a><\/p>\n","protected":false},"featured_media":16030,"comment_status":"closed","ping_status":"closed","template":"","meta":[],"product_cat":[952,957,1033,1031],"product_tag":[],"_links":{"self":[{"href":"https:\/\/promz.be\/fr\/wp-json\/wp\/v2\/product\/16087"}],"collection":[{"href":"https:\/\/promz.be\/fr\/wp-json\/wp\/v2\/product"}],"about":[{"href":"https:\/\/promz.be\/fr\/wp-json\/wp\/v2\/types\/product"}],"replies":[{"embeddable":true,"href":"https:\/\/promz.be\/fr\/wp-json\/wp\/v2\/comments?post=16087"}],"wp:featuredmedia":[{"embeddable":true,"href":"https:\/\/promz.be\/fr\/wp-json\/wp\/v2\/media\/16030"}],"wp:attachment":[{"href":"https:\/\/promz.be\/fr\/wp-json\/wp\/v2\/media?parent=16087"}],"wp:term":[{"taxonomy":"product_cat","embeddable":true,"href":"https:\/\/promz.be\/fr\/wp-json\/wp\/v2\/product_cat?post=16087"},{"taxonomy":"product_tag","embeddable":true,"href":"https:\/\/promz.be\/fr\/wp-json\/wp\/v2\/product_tag?post=16087"}],"curies":[{"name":"wp","href":"https:\/\/api.w.org\/{rel}","templated":true}]}}