{"id":16088,"date":"2018-08-27T00:00:00","date_gmt":"2018-10-31T23:00:00","guid":{"rendered":"https:\/\/promz.be\/product\/woodlane-wheels\/"},"modified":"2018-11-29T09:34:13","modified_gmt":"2018-11-29T08:34:13","slug":"woodlane-wheels","status":"publish","type":"product","link":"https:\/\/promz.be\/fr\/product\/woodlane-wheels\/","title":{"rendered":"Woodlane Wheels"},"content":{"rendered":"<p>Cette voiture enfant en bambou, faite de la plante qui pousse le plus vite au monde.<br \/>\nSolide, et \u00e9cologique. Possibilit\u00e9 d\u2019avoir plusieurs mod\u00e8les!<br \/>\nCamion, voiture, avion,..  Chaque mod\u00e8le peux \u00eatre disponible \u00e0 partir de 100 Pcs!<\/p>\n","protected":false},"excerpt":{"rendered":"<p>Cette voiture enfant en bambou, faite de la plante qui pousse le plus vite au monde.<br \/>\nSolide, et \u00e9cologique. Possibilit\u00e9 d\u2019avoir plusieurs mod\u00e8les!<br \/>\nCamion, voiture, avion,..  Chaque mod\u00e8le peux \u00eatre disponible \u00e0 partir de 100 Pcs! [&#8230;]<\/p>\n<p><a class=\"btn btn-secondary understrap-read-more-link\" href=\"https:\/\/promz.be\/fr\/product\/woodlane-wheels\/\">Lire la suite&#8230;<\/a><\/p>\n","protected":false},"featured_media":16052,"comment_status":"closed","ping_status":"closed","template":"","meta":[],"product_cat":[961,980,957,1022,953],"product_tag":[4723],"_links":{"self":[{"href":"https:\/\/promz.be\/fr\/wp-json\/wp\/v2\/product\/16088"}],"collection":[{"href":"https:\/\/promz.be\/fr\/wp-json\/wp\/v2\/product"}],"about":[{"href":"https:\/\/promz.be\/fr\/wp-json\/wp\/v2\/types\/product"}],"replies":[{"embeddable":true,"href":"https:\/\/promz.be\/fr\/wp-json\/wp\/v2\/comments?post=16088"}],"wp:featuredmedia":[{"embeddable":true,"href":"https:\/\/promz.be\/fr\/wp-json\/wp\/v2\/media\/16052"}],"wp:attachment":[{"href":"https:\/\/promz.be\/fr\/wp-json\/wp\/v2\/media?parent=16088"}],"wp:term":[{"taxonomy":"product_cat","embeddable":true,"href":"https:\/\/promz.be\/fr\/wp-json\/wp\/v2\/product_cat?post=16088"},{"taxonomy":"product_tag","embeddable":true,"href":"https:\/\/promz.be\/fr\/wp-json\/wp\/v2\/product_tag?post=16088"}],"curies":[{"name":"wp","href":"https:\/\/api.w.org\/{rel}","templated":true}]}}