{"id":16089,"date":"2018-10-30T00:00:00","date_gmt":"2018-10-25T22:00:00","guid":{"rendered":"https:\/\/promz.be\/product\/lunettes-futuristes\/"},"modified":"2018-11-29T09:32:23","modified_gmt":"2018-11-29T08:32:23","slug":"lunettes-futuristes","status":"publish","type":"product","link":"https:\/\/promz.be\/fr\/product\/lunettes-futuristes\/","title":{"rendered":"Lunettes Futuristes"},"content":{"rendered":"<p>Lunettes Futuristes, vous aurez le style avec un look d\u2019enfer.<br \/>\nPratique et trendy, finition une piece, tres sophistiqu\u00e9 ces lunettes  vous apporterons  confort et s\u00e9curit\u00e9.<\/p>\n","protected":false},"excerpt":{"rendered":"<p>Lunettes Futuristes, vous aurez le style avec un look d\u2019enfer.<br \/>\nPratique et trendy, finition une piece, tres sophistiqu\u00e9 ces lunettes  vous apporterons  confort et s\u00e9curit\u00e9. [&#8230;]<\/p>\n<p><a class=\"btn btn-secondary understrap-read-more-link\" href=\"https:\/\/promz.be\/fr\/product\/lunettes-futuristes\/\">Lire la suite&#8230;<\/a><\/p>\n","protected":false},"featured_media":15993,"comment_status":"closed","ping_status":"closed","template":"","meta":[],"product_cat":[952,1023,966,957,953,1041],"product_tag":[],"_links":{"self":[{"href":"https:\/\/promz.be\/fr\/wp-json\/wp\/v2\/product\/16089"}],"collection":[{"href":"https:\/\/promz.be\/fr\/wp-json\/wp\/v2\/product"}],"about":[{"href":"https:\/\/promz.be\/fr\/wp-json\/wp\/v2\/types\/product"}],"replies":[{"embeddable":true,"href":"https:\/\/promz.be\/fr\/wp-json\/wp\/v2\/comments?post=16089"}],"wp:featuredmedia":[{"embeddable":true,"href":"https:\/\/promz.be\/fr\/wp-json\/wp\/v2\/media\/15993"}],"wp:attachment":[{"href":"https:\/\/promz.be\/fr\/wp-json\/wp\/v2\/media?parent=16089"}],"wp:term":[{"taxonomy":"product_cat","embeddable":true,"href":"https:\/\/promz.be\/fr\/wp-json\/wp\/v2\/product_cat?post=16089"},{"taxonomy":"product_tag","embeddable":true,"href":"https:\/\/promz.be\/fr\/wp-json\/wp\/v2\/product_tag?post=16089"}],"curies":[{"name":"wp","href":"https:\/\/api.w.org\/{rel}","templated":true}]}}