{"id":16090,"date":"2018-10-16T00:00:00","date_gmt":"2018-10-07T22:00:00","guid":{"rendered":"https:\/\/promz.be\/product\/set-de-2-enceintes\/"},"modified":"2018-11-29T09:30:26","modified_gmt":"2018-11-29T08:30:26","slug":"set-de-2-enceintes","status":"publish","type":"product","link":"https:\/\/promz.be\/fr\/product\/set-de-2-enceintes\/","title":{"rendered":"Set de 2 enceintes"},"content":{"rendered":"<p>Set de 2 enceintes st\u00e9r\u00e9o bluetooth 4.0. Possibilit\u00e9 de relier 4 enceintes entre elles et sans fil. Haut-parleur 3W &#8211; 85dB. Batterie : 1000 mAh &#8211; Dim. 7,2 x 8 cm. Autonomie: 5-6 heures. Bois (Issu de for\u00eats g\u00e9r\u00e9es durablement)<\/p>\n","protected":false},"excerpt":{"rendered":"<p>Set de 2 enceintes st\u00e9r\u00e9o bluetooth 4.0. Possibilit\u00e9 de relier 4 enceintes entre elles et sans fil. Haut-parleur 3W &#8211; 85dB. Batterie : 1000 mAh &#8211; Dim. 7,2 x 8 cm. Autonomie: 5-6 heures. Bois (Issu de for\u00eats g\u00e9r\u00e9es durablement) [&#8230;]<\/p>\n<p><a class=\"btn btn-secondary understrap-read-more-link\" href=\"https:\/\/promz.be\/fr\/product\/set-de-2-enceintes\/\">Lire la suite&#8230;<\/a><\/p>\n","protected":false},"featured_media":15985,"comment_status":"closed","ping_status":"closed","template":"","meta":[],"product_cat":[1026,980,957,1021,956],"product_tag":[4723,6150],"_links":{"self":[{"href":"https:\/\/promz.be\/fr\/wp-json\/wp\/v2\/product\/16090"}],"collection":[{"href":"https:\/\/promz.be\/fr\/wp-json\/wp\/v2\/product"}],"about":[{"href":"https:\/\/promz.be\/fr\/wp-json\/wp\/v2\/types\/product"}],"replies":[{"embeddable":true,"href":"https:\/\/promz.be\/fr\/wp-json\/wp\/v2\/comments?post=16090"}],"wp:featuredmedia":[{"embeddable":true,"href":"https:\/\/promz.be\/fr\/wp-json\/wp\/v2\/media\/15985"}],"wp:attachment":[{"href":"https:\/\/promz.be\/fr\/wp-json\/wp\/v2\/media?parent=16090"}],"wp:term":[{"taxonomy":"product_cat","embeddable":true,"href":"https:\/\/promz.be\/fr\/wp-json\/wp\/v2\/product_cat?post=16090"},{"taxonomy":"product_tag","embeddable":true,"href":"https:\/\/promz.be\/fr\/wp-json\/wp\/v2\/product_tag?post=16090"}],"curies":[{"name":"wp","href":"https:\/\/api.w.org\/{rel}","templated":true}]}}