{"id":16092,"date":"2018-06-22T00:00:00","date_gmt":"2018-06-13T22:00:00","guid":{"rendered":"https:\/\/promz.be\/product\/washed-kraft-paperbag\/"},"modified":"2018-11-29T09:57:21","modified_gmt":"2018-11-29T08:57:21","slug":"washed-kraft-paperbag","status":"publish","type":"product","link":"https:\/\/promz.be\/fr\/product\/washed-kraft-paperbag\/","title":{"rendered":"Washed Kraft Paperbag"},"content":{"rendered":"<p>Ce sac fabriqu\u00e9 en Europe en 100 %  papier recycl\u00e9, mod\u00e8le comprenant 2 anses avec une finition haut de gamme. Disponible en 3 coloris diff\u00e9rents. Dimension: 37 x 13 x\u00a0 44 cm<\/p>\n","protected":false},"excerpt":{"rendered":"<p>Ce sac fabriqu\u00e9 en Europe en 100 %  papier recycl\u00e9, mod\u00e8le comprenant 2 anses avec une finition haut de gamme. Disponible en 3 coloris diff\u00e9rents. Dimension: 37 x 13 x\u00a0 44 cm [&#8230;]<\/p>\n<p><a class=\"btn btn-secondary understrap-read-more-link\" href=\"https:\/\/promz.be\/fr\/product\/washed-kraft-paperbag\/\">Lire la suite&#8230;<\/a><\/p>\n","protected":false},"featured_media":16018,"comment_status":"closed","ping_status":"closed","template":"","meta":[],"product_cat":[1014,980,957,978,954],"product_tag":[4723],"_links":{"self":[{"href":"https:\/\/promz.be\/fr\/wp-json\/wp\/v2\/product\/16092"}],"collection":[{"href":"https:\/\/promz.be\/fr\/wp-json\/wp\/v2\/product"}],"about":[{"href":"https:\/\/promz.be\/fr\/wp-json\/wp\/v2\/types\/product"}],"replies":[{"embeddable":true,"href":"https:\/\/promz.be\/fr\/wp-json\/wp\/v2\/comments?post=16092"}],"wp:featuredmedia":[{"embeddable":true,"href":"https:\/\/promz.be\/fr\/wp-json\/wp\/v2\/media\/16018"}],"wp:attachment":[{"href":"https:\/\/promz.be\/fr\/wp-json\/wp\/v2\/media?parent=16092"}],"wp:term":[{"taxonomy":"product_cat","embeddable":true,"href":"https:\/\/promz.be\/fr\/wp-json\/wp\/v2\/product_cat?post=16092"},{"taxonomy":"product_tag","embeddable":true,"href":"https:\/\/promz.be\/fr\/wp-json\/wp\/v2\/product_tag?post=16092"}],"curies":[{"name":"wp","href":"https:\/\/api.w.org\/{rel}","templated":true}]}}