{"id":16093,"date":"2018-10-29T00:00:00","date_gmt":"2018-09-05T22:00:00","guid":{"rendered":"https:\/\/promz.be\/product\/washed-kraft-shoulderbag\/"},"modified":"2018-11-29T09:14:17","modified_gmt":"2018-11-29T08:14:17","slug":"washed-kraft-shoulderbag","status":"publish","type":"product","link":"https:\/\/promz.be\/fr\/product\/washed-kraft-shoulderbag\/","title":{"rendered":"Washed Kraft Shoulderbag"},"content":{"rendered":"<p>Ce sac en papier recycl\u00e9 100 % fabriqu\u00e9 en Europe. Vu la grandeur de la poche, vous pourrez vous balader avec votre portable ou vos documents de mani\u00e8re d\u00e9contract\u00e9. Grande possibilit\u00e9 d impression sur le Flap. Dimension 38 x 14 x 30 cm<\/p>\n","protected":false},"excerpt":{"rendered":"<p>Ce sac en papier recycl\u00e9 100 % fabriqu\u00e9 en Europe. Vu la grandeur de la poche, vous pourrez vous balader avec votre portable ou vos documents de mani\u00e8re d\u00e9contract\u00e9. Grande possibilit\u00e9 d impression sur le Flap. Dimension 38 x 14 x 30 cm [&#8230;]<\/p>\n<p><a class=\"btn btn-secondary understrap-read-more-link\" href=\"https:\/\/promz.be\/fr\/product\/washed-kraft-shoulderbag\/\">Lire la suite&#8230;<\/a><\/p>\n","protected":false},"featured_media":15991,"comment_status":"closed","ping_status":"closed","template":"","meta":[],"product_cat":[1014,980,957,978,954],"product_tag":[4723],"_links":{"self":[{"href":"https:\/\/promz.be\/fr\/wp-json\/wp\/v2\/product\/16093"}],"collection":[{"href":"https:\/\/promz.be\/fr\/wp-json\/wp\/v2\/product"}],"about":[{"href":"https:\/\/promz.be\/fr\/wp-json\/wp\/v2\/types\/product"}],"replies":[{"embeddable":true,"href":"https:\/\/promz.be\/fr\/wp-json\/wp\/v2\/comments?post=16093"}],"wp:featuredmedia":[{"embeddable":true,"href":"https:\/\/promz.be\/fr\/wp-json\/wp\/v2\/media\/15991"}],"wp:attachment":[{"href":"https:\/\/promz.be\/fr\/wp-json\/wp\/v2\/media?parent=16093"}],"wp:term":[{"taxonomy":"product_cat","embeddable":true,"href":"https:\/\/promz.be\/fr\/wp-json\/wp\/v2\/product_cat?post=16093"},{"taxonomy":"product_tag","embeddable":true,"href":"https:\/\/promz.be\/fr\/wp-json\/wp\/v2\/product_tag?post=16093"}],"curies":[{"name":"wp","href":"https:\/\/api.w.org\/{rel}","templated":true}]}}