{"id":16094,"date":"2018-10-02T00:00:00","date_gmt":"2018-09-13T22:00:00","guid":{"rendered":"https:\/\/promz.be\/product\/washed-kraft-lunchbag\/"},"modified":"2018-11-29T09:21:22","modified_gmt":"2018-11-29T08:21:22","slug":"washed-kraft-lunchbag","status":"publish","type":"product","link":"https:\/\/promz.be\/fr\/product\/washed-kraft-lunchbag\/","title":{"rendered":"Washed Kraft Lunchbag"},"content":{"rendered":"<p>Fabriqu\u00e9 en Europe, ce sac 100 % \u00e9cologique, est le compagnon id\u00e9al<br \/>\npour mettre votre lunch, ou toute autre chose utile.<br \/>\nTr\u00e8s tendance, avec sa fermeture design;<br \/>\nDimenions: 24 x 14,5 x 25 cm<\/p>\n","protected":false},"excerpt":{"rendered":"<p>Fabriqu\u00e9 en Europe, ce sac 100 % \u00e9cologique, est le compagnon id\u00e9al<br \/>\npour mettre votre lunch, ou toute autre chose utile.<br \/>\nTr\u00e8s tendance, avec sa fermeture design;<br \/>\nDimenions: 24 x 14,5 x 25 cm [&#8230;]<\/p>\n<p><a class=\"btn btn-secondary understrap-read-more-link\" href=\"https:\/\/promz.be\/fr\/product\/washed-kraft-lunchbag\/\">Lire la suite&#8230;<\/a><\/p>\n","protected":false},"featured_media":15977,"comment_status":"closed","ping_status":"closed","template":"","meta":[],"product_cat":[1014,984,947,980,957,954],"product_tag":[4723],"_links":{"self":[{"href":"https:\/\/promz.be\/fr\/wp-json\/wp\/v2\/product\/16094"}],"collection":[{"href":"https:\/\/promz.be\/fr\/wp-json\/wp\/v2\/product"}],"about":[{"href":"https:\/\/promz.be\/fr\/wp-json\/wp\/v2\/types\/product"}],"replies":[{"embeddable":true,"href":"https:\/\/promz.be\/fr\/wp-json\/wp\/v2\/comments?post=16094"}],"wp:featuredmedia":[{"embeddable":true,"href":"https:\/\/promz.be\/fr\/wp-json\/wp\/v2\/media\/15977"}],"wp:attachment":[{"href":"https:\/\/promz.be\/fr\/wp-json\/wp\/v2\/media?parent=16094"}],"wp:term":[{"taxonomy":"product_cat","embeddable":true,"href":"https:\/\/promz.be\/fr\/wp-json\/wp\/v2\/product_cat?post=16094"},{"taxonomy":"product_tag","embeddable":true,"href":"https:\/\/promz.be\/fr\/wp-json\/wp\/v2\/product_tag?post=16094"}],"curies":[{"name":"wp","href":"https:\/\/api.w.org\/{rel}","templated":true}]}}