{"id":16095,"date":"2018-08-30T00:00:00","date_gmt":"2018-08-30T22:00:00","guid":{"rendered":"https:\/\/promz.be\/product\/durham-tasse-gravee-colourcoat\/"},"modified":"2018-11-29T09:13:11","modified_gmt":"2018-11-29T08:13:11","slug":"durham-tasse-gravee-colourcoat","status":"publish","type":"product","link":"https:\/\/promz.be\/fr\/product\/durham-tasse-gravee-colourcoat\/","title":{"rendered":"Durham Tasse grav\u00e9e ColourCoat"},"content":{"rendered":"<p>Mug style Durham au pantone au choix, une couleur intense qui ne s&#8217;estompera pas pendant le processus d&#8217;impression, l&#8217;int\u00e9rieur du mug reste blanc. Le design a \u00e9t\u00e9 inspect\u00e9 au moins 7 fois pour vous assurer de la meilleure qualit\u00e9 possible. Il int\u00e8gre \u00e9galement la gravure, technique de d\u00e9coration innovante, permettant \u00e0 votre design \u00eatre grav\u00e9 de fa\u00e7on permanente sur le mug. La gravure est subtile mais elle donne un impact maximum votre design. Elle offre un effet 3D de haute qualit\u00e9, finition tactile.<\/p>\n","protected":false},"excerpt":{"rendered":"<p>Mug style Durham au pantone au choix, une couleur intense qui ne s&#8217;estompera pas pendant le processus d&#8217;impression, l&#8217;int\u00e9rieur du mug reste blanc. Le design a \u00e9t\u00e9 inspect\u00e9 au moins 7 fois pour vous assurer de la meilleure qualit\u00e9 possible. Il int\u00e8gre \u00e9galement la gravure, technique de d\u00e9coration innovante, permettant \u00e0 votre design \u00eatre grav\u00e9 de fa\u00e7on permanente sur le mug. La gravure est subtile mais elle donne un impact maximum votre design. Elle offre un effet 3D de haute qualit\u00e9, finition tactile. [&#8230;]<\/p>\n<p><a class=\"btn btn-secondary understrap-read-more-link\" href=\"https:\/\/promz.be\/fr\/product\/durham-tasse-gravee-colourcoat\/\">Lire la suite&#8230;<\/a><\/p>\n","protected":false},"featured_media":15987,"comment_status":"closed","ping_status":"closed","template":"","meta":[],"product_cat":[947,984,988,950,968],"product_tag":[6063],"_links":{"self":[{"href":"https:\/\/promz.be\/fr\/wp-json\/wp\/v2\/product\/16095"}],"collection":[{"href":"https:\/\/promz.be\/fr\/wp-json\/wp\/v2\/product"}],"about":[{"href":"https:\/\/promz.be\/fr\/wp-json\/wp\/v2\/types\/product"}],"replies":[{"embeddable":true,"href":"https:\/\/promz.be\/fr\/wp-json\/wp\/v2\/comments?post=16095"}],"wp:featuredmedia":[{"embeddable":true,"href":"https:\/\/promz.be\/fr\/wp-json\/wp\/v2\/media\/15987"}],"wp:attachment":[{"href":"https:\/\/promz.be\/fr\/wp-json\/wp\/v2\/media?parent=16095"}],"wp:term":[{"taxonomy":"product_cat","embeddable":true,"href":"https:\/\/promz.be\/fr\/wp-json\/wp\/v2\/product_cat?post=16095"},{"taxonomy":"product_tag","embeddable":true,"href":"https:\/\/promz.be\/fr\/wp-json\/wp\/v2\/product_tag?post=16095"}],"curies":[{"name":"wp","href":"https:\/\/api.w.org\/{rel}","templated":true}]}}