{"id":16096,"date":"2018-09-06T00:00:00","date_gmt":"2018-09-05T22:00:00","guid":{"rendered":"https:\/\/promz.be\/product\/tasse-colourcoat\/"},"modified":"2020-07-20T14:30:11","modified_gmt":"2020-07-20T12:30:11","slug":"tasse-colourcoat","status":"publish","type":"product","link":"https:\/\/promz.be\/fr\/product\/tasse-colourcoat\/","title":{"rendered":"Tasse ColourCoat"},"content":{"rendered":"<p>Mug porcelaine Roma au pantone au choix, une couleur intense qui ne s&#8217;estompera pas pendant le processus d&#8217;impression, l&#8217;int\u00e9rieur du mug reste blanc. Votre cr\u00e9a est s\u00e9rigraphi\u00e9e en surimpression. La base du mug peut \u00e9galement \u00eatre imprim\u00e9e en 1 couleur, des frais suppl\u00e9mentaires s&#8217;appliquent. Disponibles en finition gloss, mat ou n\u00e9on.<\/p>\n","protected":false},"excerpt":{"rendered":"<p>Mug porcelaine Roma au pantone au choix, une couleur intense qui ne s&#8217;estompera pas pendant le processus d&#8217;impression, l&#8217;int\u00e9rieur du mug reste blanc. Votre cr\u00e9a est s\u00e9rigraphi\u00e9e en surimpression. La base du mug peut \u00e9galement \u00eatre imprim\u00e9e en 1 couleur, des frais suppl\u00e9mentaires s&#8217;appliquent. Disponibles en finition gloss, mat ou n\u00e9on. [&#8230;]<\/p>\n<p><a class=\"btn btn-secondary understrap-read-more-link\" href=\"https:\/\/promz.be\/fr\/product\/tasse-colourcoat\/\">Lire la suite&#8230;<\/a><\/p>\n","protected":false},"featured_media":16116,"comment_status":"closed","ping_status":"closed","template":"","meta":[],"product_cat":[947,988,950,968],"product_tag":[4166,5946,3622],"_links":{"self":[{"href":"https:\/\/promz.be\/fr\/wp-json\/wp\/v2\/product\/16096"}],"collection":[{"href":"https:\/\/promz.be\/fr\/wp-json\/wp\/v2\/product"}],"about":[{"href":"https:\/\/promz.be\/fr\/wp-json\/wp\/v2\/types\/product"}],"replies":[{"embeddable":true,"href":"https:\/\/promz.be\/fr\/wp-json\/wp\/v2\/comments?post=16096"}],"wp:featuredmedia":[{"embeddable":true,"href":"https:\/\/promz.be\/fr\/wp-json\/wp\/v2\/media\/16116"}],"wp:attachment":[{"href":"https:\/\/promz.be\/fr\/wp-json\/wp\/v2\/media?parent=16096"}],"wp:term":[{"taxonomy":"product_cat","embeddable":true,"href":"https:\/\/promz.be\/fr\/wp-json\/wp\/v2\/product_cat?post=16096"},{"taxonomy":"product_tag","embeddable":true,"href":"https:\/\/promz.be\/fr\/wp-json\/wp\/v2\/product_tag?post=16096"}],"curies":[{"name":"wp","href":"https:\/\/api.w.org\/{rel}","templated":true}]}}