{"id":16097,"date":"2018-09-13T00:00:00","date_gmt":"2018-06-18T22:00:00","guid":{"rendered":"https:\/\/promz.be\/product\/tasse-photo-twotone\/"},"modified":"2018-11-29T10:04:14","modified_gmt":"2018-11-29T09:04:14","slug":"tasse-photo-twotone","status":"publish","type":"product","link":"https:\/\/promz.be\/fr\/product\/tasse-photo-twotone\/","title":{"rendered":"Tasse Photo TwoTone"},"content":{"rendered":"<p>Si vous cherchez quelque chose d&#8217;un peu diff\u00e9rent, nos mugs TwoTone sont disponibles en 12 couleurs diff\u00e9rentes et peuvent \u00eatre imprim\u00e9s en quadri photo.<\/p>\n","protected":false},"excerpt":{"rendered":"<p>Si vous cherchez quelque chose d&#8217;un peu diff\u00e9rent, nos mugs TwoTone sont disponibles en 12 couleurs diff\u00e9rentes et peuvent \u00eatre imprim\u00e9s en quadri photo. [&#8230;]<\/p>\n<p><a class=\"btn btn-secondary understrap-read-more-link\" href=\"https:\/\/promz.be\/fr\/product\/tasse-photo-twotone\/\">Lire la suite&#8230;<\/a><\/p>\n","protected":false},"featured_media":15961,"comment_status":"closed","ping_status":"closed","template":"","meta":[],"product_cat":[984,947,988,950,968],"product_tag":[6063],"_links":{"self":[{"href":"https:\/\/promz.be\/fr\/wp-json\/wp\/v2\/product\/16097"}],"collection":[{"href":"https:\/\/promz.be\/fr\/wp-json\/wp\/v2\/product"}],"about":[{"href":"https:\/\/promz.be\/fr\/wp-json\/wp\/v2\/types\/product"}],"replies":[{"embeddable":true,"href":"https:\/\/promz.be\/fr\/wp-json\/wp\/v2\/comments?post=16097"}],"wp:featuredmedia":[{"embeddable":true,"href":"https:\/\/promz.be\/fr\/wp-json\/wp\/v2\/media\/15961"}],"wp:attachment":[{"href":"https:\/\/promz.be\/fr\/wp-json\/wp\/v2\/media?parent=16097"}],"wp:term":[{"taxonomy":"product_cat","embeddable":true,"href":"https:\/\/promz.be\/fr\/wp-json\/wp\/v2\/product_cat?post=16097"},{"taxonomy":"product_tag","embeddable":true,"href":"https:\/\/promz.be\/fr\/wp-json\/wp\/v2\/product_tag?post=16097"}],"curies":[{"name":"wp","href":"https:\/\/api.w.org\/{rel}","templated":true}]}}