{"id":16098,"date":"2018-06-15T00:00:00","date_gmt":"2018-10-01T22:00:00","guid":{"rendered":"https:\/\/promz.be\/product\/rim-handle-photomug\/"},"modified":"2018-11-29T09:26:28","modified_gmt":"2018-11-29T08:26:28","slug":"rim-handle-photomug","status":"publish","type":"product","link":"https:\/\/promz.be\/fr\/product\/rim-handle-photomug\/","title":{"rendered":"Rim &amp; Handle PhotoMug"},"content":{"rendered":"<p>Ajoutez une touche de couleur \u00e0 votre campagne avec nos mugs Rim &amp; Handle (bord et anse) qui ont un bord color\u00e9 et une anse qui reprend la m\u00eame couleur. Peuvent \u00eatre imprim\u00e9s en quadri photo.<\/p>\n","protected":false},"excerpt":{"rendered":"<p>Ajoutez une touche de couleur \u00e0 votre campagne avec nos mugs Rim &amp; Handle (bord et anse) qui ont un bord color\u00e9 et une anse qui reprend la m\u00eame couleur. Peuvent \u00eatre imprim\u00e9s en quadri photo. [&#8230;]<\/p>\n<p><a class=\"btn btn-secondary understrap-read-more-link\" href=\"https:\/\/promz.be\/fr\/product\/rim-handle-photomug\/\">Lire la suite&#8230;<\/a><\/p>\n","protected":false},"featured_media":16012,"comment_status":"closed","ping_status":"closed","template":"","meta":[],"product_cat":[947,984,988,950,968],"product_tag":[6063],"_links":{"self":[{"href":"https:\/\/promz.be\/fr\/wp-json\/wp\/v2\/product\/16098"}],"collection":[{"href":"https:\/\/promz.be\/fr\/wp-json\/wp\/v2\/product"}],"about":[{"href":"https:\/\/promz.be\/fr\/wp-json\/wp\/v2\/types\/product"}],"replies":[{"embeddable":true,"href":"https:\/\/promz.be\/fr\/wp-json\/wp\/v2\/comments?post=16098"}],"wp:featuredmedia":[{"embeddable":true,"href":"https:\/\/promz.be\/fr\/wp-json\/wp\/v2\/media\/16012"}],"wp:attachment":[{"href":"https:\/\/promz.be\/fr\/wp-json\/wp\/v2\/media?parent=16098"}],"wp:term":[{"taxonomy":"product_cat","embeddable":true,"href":"https:\/\/promz.be\/fr\/wp-json\/wp\/v2\/product_cat?post=16098"},{"taxonomy":"product_tag","embeddable":true,"href":"https:\/\/promz.be\/fr\/wp-json\/wp\/v2\/product_tag?post=16098"}],"curies":[{"name":"wp","href":"https:\/\/api.w.org\/{rel}","templated":true}]}}