{"id":16099,"date":"2018-08-22T00:00:00","date_gmt":"2018-09-12T22:00:00","guid":{"rendered":"https:\/\/promz.be\/product\/mugs-emailles\/"},"modified":"2018-11-29T09:19:34","modified_gmt":"2018-11-29T08:19:34","slug":"mugs-emailles","status":"publish","type":"product","link":"https:\/\/promz.be\/fr\/product\/mugs-emailles\/","title":{"rendered":"Mugs \u00e9maill\u00e9s"},"content":{"rendered":"<p>Ces mugs \u00e9maill\u00e9s imprim\u00e9s en s\u00e9rigraphie ont \u00e9t\u00e9 sp\u00e9cialement fabriqu\u00e9s pour vous. Chaque mug est v\u00e9rifi\u00e9 individuellement pour vous garantir la meilleure qualit\u00e9. Ces mugs sont \u00e9maill\u00e9s \u00e0 la main c&#8217;est pourquoi chacun est diff\u00e9rent. Les asp\u00e9rit\u00e9s et les points sont normaux avec l&#8217;\u00e9mail et en fond son charme.<\/p>\n","protected":false},"excerpt":{"rendered":"<p>Ces mugs \u00e9maill\u00e9s imprim\u00e9s en s\u00e9rigraphie ont \u00e9t\u00e9 sp\u00e9cialement fabriqu\u00e9s pour vous. Chaque mug est v\u00e9rifi\u00e9 individuellement pour vous garantir la meilleure qualit\u00e9. Ces mugs sont \u00e9maill\u00e9s \u00e0 la main c&#8217;est pourquoi chacun est diff\u00e9rent. Les asp\u00e9rit\u00e9s et les points sont normaux avec l&#8217;\u00e9mail et en fond son charme. [&#8230;]<\/p>\n<p><a class=\"btn btn-secondary understrap-read-more-link\" href=\"https:\/\/promz.be\/fr\/product\/mugs-emailles\/\">Lire la suite&#8230;<\/a><\/p>\n","protected":false},"featured_media":16041,"comment_status":"closed","ping_status":"closed","template":"","meta":[],"product_cat":[952,984,947,966,968],"product_tag":[6064],"_links":{"self":[{"href":"https:\/\/promz.be\/fr\/wp-json\/wp\/v2\/product\/16099"}],"collection":[{"href":"https:\/\/promz.be\/fr\/wp-json\/wp\/v2\/product"}],"about":[{"href":"https:\/\/promz.be\/fr\/wp-json\/wp\/v2\/types\/product"}],"replies":[{"embeddable":true,"href":"https:\/\/promz.be\/fr\/wp-json\/wp\/v2\/comments?post=16099"}],"wp:featuredmedia":[{"embeddable":true,"href":"https:\/\/promz.be\/fr\/wp-json\/wp\/v2\/media\/16041"}],"wp:attachment":[{"href":"https:\/\/promz.be\/fr\/wp-json\/wp\/v2\/media?parent=16099"}],"wp:term":[{"taxonomy":"product_cat","embeddable":true,"href":"https:\/\/promz.be\/fr\/wp-json\/wp\/v2\/product_cat?post=16099"},{"taxonomy":"product_tag","embeddable":true,"href":"https:\/\/promz.be\/fr\/wp-json\/wp\/v2\/product_tag?post=16099"}],"curies":[{"name":"wp","href":"https:\/\/api.w.org\/{rel}","templated":true}]}}