{"id":16100,"date":"2018-08-01T00:00:00","date_gmt":"2018-10-30T23:00:00","guid":{"rendered":"https:\/\/promz.be\/product\/mugs-emailles-imprimes-en-quadri\/"},"modified":"2018-11-29T09:53:54","modified_gmt":"2018-11-29T08:53:54","slug":"mugs-emailles-imprimes-en-quadri","status":"publish","type":"product","link":"https:\/\/promz.be\/fr\/product\/mugs-emailles-imprimes-en-quadri\/","title":{"rendered":"Mugs \u00e9maill\u00e9s imprim\u00e9s en quadri"},"content":{"rendered":"<p>Ces mugs \u00e9maill\u00e9s imprim\u00e9s en quadri ont \u00e9t\u00e9 sp\u00e9cialement fabriqu\u00e9s pour vous. Chaque mug est v\u00e9rifi\u00e9 individuellement pour vous garantir la meilleure qualit\u00e9. D\u00e9cor\u00e9s en sublimation pour une tr\u00e8s belle qualit\u00e9 d&#8217;image tout simplement impossible \u00e0 obtenir par un autre moyen. Ces mugs sont \u00e9maill\u00e9s \u00e0 la main c&#8217;est pourquoi chacun est diff\u00e9rent. Les asp\u00e9rit\u00e9s et les points sont normaux avec l&#8217;\u00e9mail et en fond son charme.<\/p>\n","protected":false},"excerpt":{"rendered":"<p>Ces mugs \u00e9maill\u00e9s imprim\u00e9s en quadri ont \u00e9t\u00e9 sp\u00e9cialement fabriqu\u00e9s pour vous. Chaque mug est v\u00e9rifi\u00e9 individuellement pour vous garantir la meilleure qualit\u00e9. D\u00e9cor\u00e9s en sublimation pour une tr\u00e8s belle qualit\u00e9 d&#8217;image tout simplement impossible \u00e0 obtenir par un autre moyen. Ces mugs sont \u00e9maill\u00e9s \u00e0 la main c&#8217;est pourquoi chacun est diff\u00e9rent. Les asp\u00e9rit\u00e9s et les points sont normaux avec l&#8217;\u00e9mail et en fond son charme. [&#8230;]<\/p>\n<p><a class=\"btn btn-secondary understrap-read-more-link\" href=\"https:\/\/promz.be\/fr\/product\/mugs-emailles-imprimes-en-quadri\/\">Lire la suite&#8230;<\/a><\/p>\n","protected":false},"featured_media":16028,"comment_status":"closed","ping_status":"closed","template":"","meta":[],"product_cat":[952,984,947,966,968],"product_tag":[],"_links":{"self":[{"href":"https:\/\/promz.be\/fr\/wp-json\/wp\/v2\/product\/16100"}],"collection":[{"href":"https:\/\/promz.be\/fr\/wp-json\/wp\/v2\/product"}],"about":[{"href":"https:\/\/promz.be\/fr\/wp-json\/wp\/v2\/types\/product"}],"replies":[{"embeddable":true,"href":"https:\/\/promz.be\/fr\/wp-json\/wp\/v2\/comments?post=16100"}],"wp:featuredmedia":[{"embeddable":true,"href":"https:\/\/promz.be\/fr\/wp-json\/wp\/v2\/media\/16028"}],"wp:attachment":[{"href":"https:\/\/promz.be\/fr\/wp-json\/wp\/v2\/media?parent=16100"}],"wp:term":[{"taxonomy":"product_cat","embeddable":true,"href":"https:\/\/promz.be\/fr\/wp-json\/wp\/v2\/product_cat?post=16100"},{"taxonomy":"product_tag","embeddable":true,"href":"https:\/\/promz.be\/fr\/wp-json\/wp\/v2\/product_tag?post=16100"}],"curies":[{"name":"wp","href":"https:\/\/api.w.org\/{rel}","templated":true}]}}