{"id":16102,"date":"2018-07-03T00:00:00","date_gmt":"2018-07-08T22:00:00","guid":{"rendered":"https:\/\/promz.be\/product\/set-de-bureau-ecologique\/"},"modified":"2018-11-29T08:57:34","modified_gmt":"2018-11-29T07:57:34","slug":"set-de-bureau-ecologique","status":"publish","type":"product","link":"https:\/\/promz.be\/fr\/product\/set-de-bureau-ecologique\/","title":{"rendered":"Set de bureau \u00e9cologique"},"content":{"rendered":"<p>Set d&#8217;\u00e9criture dans \u00e9tui en jute et coton, contenant une r\u00e8gle en bambou, un crayon \u00e0 papier, un stylo bille cartonn\u00e9 (encre bleue), un taille-crayons en bois et une gomme.<\/p>\n","protected":false},"excerpt":{"rendered":"<p>Set d&#8217;\u00e9criture dans \u00e9tui en jute et coton, contenant une r\u00e8gle en bambou, un crayon \u00e0 papier, un stylo bille cartonn\u00e9 (encre bleue), un taille-crayons en bois et une gomme. [&#8230;]<\/p>\n<p><a class=\"btn btn-secondary understrap-read-more-link\" href=\"https:\/\/promz.be\/fr\/product\/set-de-bureau-ecologique\/\">Lire la suite&#8230;<\/a><\/p>\n","protected":false},"featured_media":16024,"comment_status":"closed","ping_status":"closed","template":"","meta":[],"product_cat":[974,980,951,957,1010],"product_tag":[5961,4723,5959,5960],"_links":{"self":[{"href":"https:\/\/promz.be\/fr\/wp-json\/wp\/v2\/product\/16102"}],"collection":[{"href":"https:\/\/promz.be\/fr\/wp-json\/wp\/v2\/product"}],"about":[{"href":"https:\/\/promz.be\/fr\/wp-json\/wp\/v2\/types\/product"}],"replies":[{"embeddable":true,"href":"https:\/\/promz.be\/fr\/wp-json\/wp\/v2\/comments?post=16102"}],"wp:featuredmedia":[{"embeddable":true,"href":"https:\/\/promz.be\/fr\/wp-json\/wp\/v2\/media\/16024"}],"wp:attachment":[{"href":"https:\/\/promz.be\/fr\/wp-json\/wp\/v2\/media?parent=16102"}],"wp:term":[{"taxonomy":"product_cat","embeddable":true,"href":"https:\/\/promz.be\/fr\/wp-json\/wp\/v2\/product_cat?post=16102"},{"taxonomy":"product_tag","embeddable":true,"href":"https:\/\/promz.be\/fr\/wp-json\/wp\/v2\/product_tag?post=16102"}],"curies":[{"name":"wp","href":"https:\/\/api.w.org\/{rel}","templated":true}]}}