{"id":16103,"date":"2018-09-11T00:00:00","date_gmt":"2018-10-10T22:00:00","guid":{"rendered":"https:\/\/promz.be\/product\/haut-parleur-3w-et-chargeur-sans-fil-5w\/"},"modified":"2018-11-29T09:48:10","modified_gmt":"2018-11-29T08:48:10","slug":"haut-parleur-3w-et-chargeur-sans-fil-5w","status":"publish","type":"product","link":"https:\/\/promz.be\/fr\/product\/haut-parleur-3w-et-chargeur-sans-fil-5w\/","title":{"rendered":"Haut-parleur 3W et chargeur sans fil 5W"},"content":{"rendered":"<p>Profitez de la musique tout en chargeant votre t\u00e9l\u00e9phone avec ce haut-parleur unique 2 en 1, comprenant un chargeur sans fil. Lorsque le haut-parleur est connect\u00e9 \u00e0 une source d&#8217;alimentation, le t\u00e9l\u00e9phone peut \u00eatre plac\u00e9 sur le haut-parleur pour un chargement sans fil. Le haut-parleur est livr\u00e9 dans une bo\u00eete cadeau de luxe comprenant un c\u00e2ble et un manuel.<\/p>\n","protected":false},"excerpt":{"rendered":"<p>Profitez de la musique tout en chargeant votre t\u00e9l\u00e9phone avec ce haut-parleur unique 2 en 1, comprenant un chargeur sans fil. Lorsque le haut-parleur est connect\u00e9 \u00e0 une source d&#8217;alimentation, le t\u00e9l\u00e9phone peut \u00eatre plac\u00e9 sur le haut-parleur pour un chargement sans fil. Le haut-parleur est livr\u00e9 dans une bo\u00eete cadeau de luxe comprenant un c\u00e2ble et un manuel. [&#8230;]<\/p>\n<p><a class=\"btn btn-secondary understrap-read-more-link\" href=\"https:\/\/promz.be\/fr\/product\/haut-parleur-3w-et-chargeur-sans-fil-5w\/\">Lire la suite&#8230;<\/a><\/p>\n","protected":false},"featured_media":16112,"comment_status":"closed","ping_status":"closed","template":"","meta":[],"product_cat":[1026,1006,1021,956],"product_tag":[6150],"_links":{"self":[{"href":"https:\/\/promz.be\/fr\/wp-json\/wp\/v2\/product\/16103"}],"collection":[{"href":"https:\/\/promz.be\/fr\/wp-json\/wp\/v2\/product"}],"about":[{"href":"https:\/\/promz.be\/fr\/wp-json\/wp\/v2\/types\/product"}],"replies":[{"embeddable":true,"href":"https:\/\/promz.be\/fr\/wp-json\/wp\/v2\/comments?post=16103"}],"wp:featuredmedia":[{"embeddable":true,"href":"https:\/\/promz.be\/fr\/wp-json\/wp\/v2\/media\/16112"}],"wp:attachment":[{"href":"https:\/\/promz.be\/fr\/wp-json\/wp\/v2\/media?parent=16103"}],"wp:term":[{"taxonomy":"product_cat","embeddable":true,"href":"https:\/\/promz.be\/fr\/wp-json\/wp\/v2\/product_cat?post=16103"},{"taxonomy":"product_tag","embeddable":true,"href":"https:\/\/promz.be\/fr\/wp-json\/wp\/v2\/product_tag?post=16103"}],"curies":[{"name":"wp","href":"https:\/\/api.w.org\/{rel}","templated":true}]}}