{"id":16104,"date":"2018-10-24T00:00:00","date_gmt":"2018-07-04T22:00:00","guid":{"rendered":"https:\/\/promz.be\/product\/cube-papier-sur-palette\/"},"modified":"2018-11-29T09:50:57","modified_gmt":"2018-11-29T08:50:57","slug":"cube-papier-sur-palette","status":"publish","type":"product","link":"https:\/\/promz.be\/fr\/product\/cube-papier-sur-palette\/","title":{"rendered":"Cube papier sur palette"},"content":{"rendered":"<p>Demi cube-papier, 420 feuilles blanches sur palette en bois. Id\u00e9al au bureau ou \u00e0 la maison. Marquage feuille \u00e0 feuille possible. Livr\u00e9 sous polybag individuel.<\/p>\n","protected":false},"excerpt":{"rendered":"<p>Demi cube-papier, 420 feuilles blanches sur palette en bois. Id\u00e9al au bureau ou \u00e0 la maison. Marquage feuille \u00e0 feuille possible. Livr\u00e9 sous polybag individuel. [&#8230;]<\/p>\n<p><a class=\"btn btn-secondary understrap-read-more-link\" href=\"https:\/\/promz.be\/fr\/product\/cube-papier-sur-palette\/\">Lire la suite&#8230;<\/a><\/p>\n","protected":false},"featured_media":16114,"comment_status":"closed","ping_status":"closed","template":"","meta":[],"product_cat":[974,980,951,1004,957],"product_tag":[],"_links":{"self":[{"href":"https:\/\/promz.be\/fr\/wp-json\/wp\/v2\/product\/16104"}],"collection":[{"href":"https:\/\/promz.be\/fr\/wp-json\/wp\/v2\/product"}],"about":[{"href":"https:\/\/promz.be\/fr\/wp-json\/wp\/v2\/types\/product"}],"replies":[{"embeddable":true,"href":"https:\/\/promz.be\/fr\/wp-json\/wp\/v2\/comments?post=16104"}],"wp:featuredmedia":[{"embeddable":true,"href":"https:\/\/promz.be\/fr\/wp-json\/wp\/v2\/media\/16114"}],"wp:attachment":[{"href":"https:\/\/promz.be\/fr\/wp-json\/wp\/v2\/media?parent=16104"}],"wp:term":[{"taxonomy":"product_cat","embeddable":true,"href":"https:\/\/promz.be\/fr\/wp-json\/wp\/v2\/product_cat?post=16104"},{"taxonomy":"product_tag","embeddable":true,"href":"https:\/\/promz.be\/fr\/wp-json\/wp\/v2\/product_tag?post=16104"}],"curies":[{"name":"wp","href":"https:\/\/api.w.org\/{rel}","templated":true}]}}