{"id":16105,"date":"2018-11-16T00:00:00","date_gmt":"2018-06-17T22:00:00","guid":{"rendered":"https:\/\/promz.be\/product\/ehbo-superbag\/"},"modified":"2018-11-29T09:59:13","modified_gmt":"2018-11-29T08:59:13","slug":"ehbo-superbag","status":"publish","type":"product","link":"https:\/\/promz.be\/fr\/product\/ehbo-superbag\/","title":{"rendered":"EHBO SUPERBAG"},"content":{"rendered":"<p>Trousse de premiers soins. Ciseaux, 1 bandage \u00e9lastique, 2 compresses st\u00e9riles non tiss\u00e9es, 6 lingettes impregn\u00e9es, 12 pansements, un pansement triangulaire, du ruban adh\u00e9sif, 1 paire de gants latex.<\/p>\n","protected":false},"excerpt":{"rendered":"<p>Trousse de premiers soins. Ciseaux, 1 bandage \u00e9lastique, 2 compresses st\u00e9riles non tiss\u00e9es, 6 lingettes impregn\u00e9es, 12 pansements, un pansement triangulaire, du ruban adh\u00e9sif, 1 paire de gants latex. [&#8230;]<\/p>\n<p><a class=\"btn btn-secondary understrap-read-more-link\" href=\"https:\/\/promz.be\/fr\/product\/ehbo-superbag\/\">Lire la suite&#8230;<\/a><\/p>\n","protected":false},"featured_media":16001,"comment_status":"closed","ping_status":"closed","template":"","meta":[],"product_cat":[1014,1023,1035,953,954,949],"product_tag":[],"_links":{"self":[{"href":"https:\/\/promz.be\/fr\/wp-json\/wp\/v2\/product\/16105"}],"collection":[{"href":"https:\/\/promz.be\/fr\/wp-json\/wp\/v2\/product"}],"about":[{"href":"https:\/\/promz.be\/fr\/wp-json\/wp\/v2\/types\/product"}],"replies":[{"embeddable":true,"href":"https:\/\/promz.be\/fr\/wp-json\/wp\/v2\/comments?post=16105"}],"wp:featuredmedia":[{"embeddable":true,"href":"https:\/\/promz.be\/fr\/wp-json\/wp\/v2\/media\/16001"}],"wp:attachment":[{"href":"https:\/\/promz.be\/fr\/wp-json\/wp\/v2\/media?parent=16105"}],"wp:term":[{"taxonomy":"product_cat","embeddable":true,"href":"https:\/\/promz.be\/fr\/wp-json\/wp\/v2\/product_cat?post=16105"},{"taxonomy":"product_tag","embeddable":true,"href":"https:\/\/promz.be\/fr\/wp-json\/wp\/v2\/product_tag?post=16105"}],"curies":[{"name":"wp","href":"https:\/\/api.w.org\/{rel}","templated":true}]}}