{"id":16106,"date":"2018-09-24T00:00:00","date_gmt":"2018-09-06T22:00:00","guid":{"rendered":"https:\/\/promz.be\/product\/sac-a-dos-ordinateur-17\/"},"modified":"2018-11-29T09:18:28","modified_gmt":"2018-11-29T08:18:28","slug":"sac-a-dos-ordinateur-17","status":"publish","type":"product","link":"https:\/\/promz.be\/fr\/product\/sac-a-dos-ordinateur-17\/","title":{"rendered":"Sac \u00e0 dos ordinateur 17\u201d"},"content":{"rendered":"<p>Sac \u00e0 dos pour ordinateur portable 17\u201d avec syst\u00e8me de rabat intelligent, compartiment principal et pochette pour tablette rembourr\u00e9s ainsi que de nombreux espaces de stockage et pour vos affaires ou gadgets. Bretelles et dos du sac rembourr\u00e9s pour un confort d\u2019utilisation. Sans PVC.<\/p>\n","protected":false},"excerpt":{"rendered":"<p>Sac \u00e0 dos pour ordinateur portable 17\u201d avec syst\u00e8me de rabat intelligent, compartiment principal et pochette pour tablette rembourr\u00e9s ainsi que de nombreux espaces de stockage et pour vos affaires ou gadgets. Bretelles et dos du sac rembourr\u00e9s pour un confort d\u2019utilisation. Sans PVC. [&#8230;]<\/p>\n<p><a class=\"btn btn-secondary understrap-read-more-link\" href=\"https:\/\/promz.be\/fr\/product\/sac-a-dos-ordinateur-17\/\">Lire la suite&#8230;<\/a><\/p>\n","protected":false},"featured_media":15969,"comment_status":"closed","ping_status":"closed","template":"","meta":[],"product_cat":[1014,1023,953,978,954],"product_tag":[6158],"_links":{"self":[{"href":"https:\/\/promz.be\/fr\/wp-json\/wp\/v2\/product\/16106"}],"collection":[{"href":"https:\/\/promz.be\/fr\/wp-json\/wp\/v2\/product"}],"about":[{"href":"https:\/\/promz.be\/fr\/wp-json\/wp\/v2\/types\/product"}],"replies":[{"embeddable":true,"href":"https:\/\/promz.be\/fr\/wp-json\/wp\/v2\/comments?post=16106"}],"wp:featuredmedia":[{"embeddable":true,"href":"https:\/\/promz.be\/fr\/wp-json\/wp\/v2\/media\/15969"}],"wp:attachment":[{"href":"https:\/\/promz.be\/fr\/wp-json\/wp\/v2\/media?parent=16106"}],"wp:term":[{"taxonomy":"product_cat","embeddable":true,"href":"https:\/\/promz.be\/fr\/wp-json\/wp\/v2\/product_cat?post=16106"},{"taxonomy":"product_tag","embeddable":true,"href":"https:\/\/promz.be\/fr\/wp-json\/wp\/v2\/product_tag?post=16106"}],"curies":[{"name":"wp","href":"https:\/\/api.w.org\/{rel}","templated":true}]}}