{"id":16970,"date":"2018-05-21T00:00:00","date_gmt":"2018-05-20T22:00:00","guid":{"rendered":"https:\/\/promz.be\/product\/tablier\/"},"modified":"2021-05-25T15:11:59","modified_gmt":"2021-05-25T13:11:59","slug":"tablier","status":"publish","type":"product","link":"https:\/\/promz.be\/fr\/product\/tablier\/","title":{"rendered":"Tablier"},"content":{"rendered":"<p>Un favori parmi les chefs professionnels et les amateurs de cuisine, ce tablier \u00e9l\u00e9gant avec un look denim noir aide non seulement \u00e0 prot\u00e9ger vos v\u00eatements, il ajoute \u00e9galement une touche de style Gem \u00e0 votre cuisine. Le tablier est \u00e9quip\u00e9 d&#8217;une sangle de cou r\u00e9glable, d&#8217;une poche frontale g\u00e9n\u00e9reuse et d&#8217;un boucle de serviette pratique. Parce qu&#8217;il est fait \u00e0 100% de coton, vous pouvez simplement le placer dans la machine \u00e0 laver pour un nettoyage facile.<\/p>\n<p>\u00a0<\/p>\n<p>tablier|tablier de cuisine|textiles de cuisine<\/p>\n","protected":false},"excerpt":{"rendered":"<p>Un favori parmi les chefs professionnels et les amateurs de cuisine, ce tablier \u00e9l\u00e9gant avec un look denim noir aide non seulement \u00e0 prot\u00e9ger vos v\u00eatements, il ajoute \u00e9galement une touche de style Gem \u00e0 votre cuisine. Le tablier est \u00e9quip\u00e9 d&#8217;une sangle de cou r\u00e9glable, d&#8217;une poche frontale g\u00e9n\u00e9reuse et d&#8217;un boucle de serviette pratique. Parce qu&#8217;il est fait \u00e0 100% de coton, vous pouvez simplement le placer dans la machine \u00e0 laver pour un nettoyage facile. [&#8230;]<\/p>\n<p><a class=\"btn btn-secondary understrap-read-more-link\" href=\"https:\/\/promz.be\/fr\/product\/tablier\/\">Lire la suite&#8230;<\/a><\/p>\n","protected":false},"featured_media":16927,"comment_status":"closed","ping_status":"open","template":"","meta":[],"product_cat":[986,988,950,957],"product_tag":[],"_links":{"self":[{"href":"https:\/\/promz.be\/fr\/wp-json\/wp\/v2\/product\/16970"}],"collection":[{"href":"https:\/\/promz.be\/fr\/wp-json\/wp\/v2\/product"}],"about":[{"href":"https:\/\/promz.be\/fr\/wp-json\/wp\/v2\/types\/product"}],"replies":[{"embeddable":true,"href":"https:\/\/promz.be\/fr\/wp-json\/wp\/v2\/comments?post=16970"}],"wp:featuredmedia":[{"embeddable":true,"href":"https:\/\/promz.be\/fr\/wp-json\/wp\/v2\/media\/16927"}],"wp:attachment":[{"href":"https:\/\/promz.be\/fr\/wp-json\/wp\/v2\/media?parent=16970"}],"wp:term":[{"taxonomy":"product_cat","embeddable":true,"href":"https:\/\/promz.be\/fr\/wp-json\/wp\/v2\/product_cat?post=16970"},{"taxonomy":"product_tag","embeddable":true,"href":"https:\/\/promz.be\/fr\/wp-json\/wp\/v2\/product_tag?post=16970"}],"curies":[{"name":"wp","href":"https:\/\/api.w.org\/{rel}","templated":true}]}}