{"id":17494,"date":"2018-07-10T00:00:00","date_gmt":"2018-10-18T22:00:00","guid":{"rendered":"https:\/\/promz.be\/product\/towel2\/"},"modified":"2019-01-09T10:47:57","modified_gmt":"2019-01-09T09:47:57","slug":"towel2","status":"publish","type":"product","link":"https:\/\/promz.be\/fr\/product\/towel2\/","title":{"rendered":"Towel2"},"content":{"rendered":"<p>Unique, \u00e9cologique et tant qualitative qu\u2019une serviette \u2018normale\u2019.<br \/>\nLa serviette \u2018low impact\u2019 TOWEL2 est fabriqu\u00e9 avec 40% de coton recycl\u00e9.<br \/>\nLe principe est simple : des pantalons jean de seconde main tous les mati\u00e8res qui ne sont pas 100% tissus jean sont extraits. Puis, le jean est d\u00e9chir\u00e9 et de ces fibres nous fabriquons les fils pour tisser les serviettes TOWEL2.<br \/>\nLe r\u00e9sultat de la fabrication de TOWEL2 est une baisse d\u2019\u00e9missions CO2 et une baisse de la consommation de l\u2019eau et d\u2019\u00e9nergie.<br \/>\nVue que cette serviette n\u2019est pas teint, TOWEL2 n\u2019a pas d\u2019effets \u00e9cologique!<br \/>\nLa serviette TOWEL2 est en terme de prix, douceur, qualit\u00e9 et absorption comparable avec une serviette normale.<\/p>\n","protected":false},"excerpt":{"rendered":"<p>Unique, \u00e9cologique et tant qualitative qu\u2019une serviette \u2018normale\u2019.<br \/>\nLa serviette \u2018low impact\u2019 TOWEL2 est fabriqu\u00e9 avec 40% de coton recycl\u00e9.<br \/>\nLe principe est simple : des pantalons jean de seconde main tous les mati\u00e8res qui ne sont pas 100% tissus jean sont extraits. Puis, le jean est d\u00e9chir\u00e9 et de ces fibres nous fabriquons les fils pour tisser les serviettes TOWEL2.<br \/>\nLe r\u00e9sultat de la fabrication de TOWEL2 est une baisse d\u2019\u00e9missions CO2 et une baisse de la consommation de l\u2019eau et d\u2019\u00e9nergie.<br \/>\nVue que cette serviette n\u2019est pas teint, TOWEL2 n\u2019a pas d\u2019effets \u00e9cologique!<br \/>\nLa serviette TOWEL2 est en terme de prix, douceur, qualit\u00e9 et absorption comparable avec une serviette normale. [&#8230;]<\/p>\n<p><a class=\"btn btn-secondary understrap-read-more-link\" href=\"https:\/\/promz.be\/fr\/product\/towel2\/\">Lire la suite&#8230;<\/a><\/p>\n","protected":false},"featured_media":17758,"comment_status":"closed","ping_status":"closed","template":"","meta":[],"product_cat":[980,957],"product_tag":[],"_links":{"self":[{"href":"https:\/\/promz.be\/fr\/wp-json\/wp\/v2\/product\/17494"}],"collection":[{"href":"https:\/\/promz.be\/fr\/wp-json\/wp\/v2\/product"}],"about":[{"href":"https:\/\/promz.be\/fr\/wp-json\/wp\/v2\/types\/product"}],"replies":[{"embeddable":true,"href":"https:\/\/promz.be\/fr\/wp-json\/wp\/v2\/comments?post=17494"}],"wp:featuredmedia":[{"embeddable":true,"href":"https:\/\/promz.be\/fr\/wp-json\/wp\/v2\/media\/17758"}],"wp:attachment":[{"href":"https:\/\/promz.be\/fr\/wp-json\/wp\/v2\/media?parent=17494"}],"wp:term":[{"taxonomy":"product_cat","embeddable":true,"href":"https:\/\/promz.be\/fr\/wp-json\/wp\/v2\/product_cat?post=17494"},{"taxonomy":"product_tag","embeddable":true,"href":"https:\/\/promz.be\/fr\/wp-json\/wp\/v2\/product_tag?post=17494"}],"curies":[{"name":"wp","href":"https:\/\/api.w.org\/{rel}","templated":true}]}}