{"id":17495,"date":"2018-11-05T00:00:00","date_gmt":"2018-08-15T22:00:00","guid":{"rendered":"https:\/\/promz.be\/product\/torchon-blok-mineur\/"},"modified":"2019-01-09T09:52:57","modified_gmt":"2019-01-09T08:52:57","slug":"torchon-blok-mineur","status":"publish","type":"product","link":"https:\/\/promz.be\/fr\/product\/torchon-blok-mineur\/","title":{"rendered":"Torchon Blok Mineur"},"content":{"rendered":"<p>Le classique dans la cuisine professionnelle. Grand format 65&#215;65 cm. Fabriqu\u00e9 avec du coton Egyptien de la meilleure qualit\u00e9. Le &#8220;Blok Mineur&#8221; en Bleu est de nouveau disponible \u00e0 partir du 21 mars !<br \/>\nPoids: 235 gr\/m2<br \/>\nQualit\u00e9: 100% coton<\/p>\n","protected":false},"excerpt":{"rendered":"<p>Le classique dans la cuisine professionnelle. Grand format 65&#215;65 cm. Fabriqu\u00e9 avec du coton Egyptien de la meilleure qualit\u00e9. Le &#8220;Blok Mineur&#8221; en Bleu est de nouveau disponible \u00e0 partir du 21 mars !<br \/>\nPoids: 235 gr\/m2<br \/>\nQualit\u00e9: 100% coton [&#8230;]<\/p>\n<p><a class=\"btn btn-secondary understrap-read-more-link\" href=\"https:\/\/promz.be\/fr\/product\/torchon-blok-mineur\/\">Lire la suite&#8230;<\/a><\/p>\n","protected":false},"featured_media":17603,"comment_status":"closed","ping_status":"closed","template":"","meta":[],"product_cat":[986,957],"product_tag":[],"_links":{"self":[{"href":"https:\/\/promz.be\/fr\/wp-json\/wp\/v2\/product\/17495"}],"collection":[{"href":"https:\/\/promz.be\/fr\/wp-json\/wp\/v2\/product"}],"about":[{"href":"https:\/\/promz.be\/fr\/wp-json\/wp\/v2\/types\/product"}],"replies":[{"embeddable":true,"href":"https:\/\/promz.be\/fr\/wp-json\/wp\/v2\/comments?post=17495"}],"wp:featuredmedia":[{"embeddable":true,"href":"https:\/\/promz.be\/fr\/wp-json\/wp\/v2\/media\/17603"}],"wp:attachment":[{"href":"https:\/\/promz.be\/fr\/wp-json\/wp\/v2\/media?parent=17495"}],"wp:term":[{"taxonomy":"product_cat","embeddable":true,"href":"https:\/\/promz.be\/fr\/wp-json\/wp\/v2\/product_cat?post=17495"},{"taxonomy":"product_tag","embeddable":true,"href":"https:\/\/promz.be\/fr\/wp-json\/wp\/v2\/product_tag?post=17495"}],"curies":[{"name":"wp","href":"https:\/\/api.w.org\/{rel}","templated":true}]}}