{"id":17498,"date":"2018-07-17T00:00:00","date_gmt":"2018-06-10T22:00:00","guid":{"rendered":"https:\/\/promz.be\/product\/torchon-carre\/"},"modified":"2019-01-09T10:48:23","modified_gmt":"2019-01-09T09:48:23","slug":"torchon-carre","status":"publish","type":"product","link":"https:\/\/promz.be\/fr\/product\/torchon-carre\/","title":{"rendered":"Torchon Carr\u00e9"},"content":{"rendered":"<p>Essuie de cuise grand format ( 68&#215;68 cm ) . Tr\u00e8s pratique pour un usage journalier. Un excellent rapport prix-qualit\u00e9 . Fabriqu\u00e9 avec du fil retors dans la cha\u00eene.<br \/>\nPoids: 230 gr\/m2<br \/>\nQualit\u00e9: 100% coton<\/p>\n","protected":false},"excerpt":{"rendered":"<p>Essuie de cuise grand format ( 68&#215;68 cm ) . Tr\u00e8s pratique pour un usage journalier. Un excellent rapport prix-qualit\u00e9 . Fabriqu\u00e9 avec du fil retors dans la cha\u00eene.<br \/>\nPoids: 230 gr\/m2<br \/>\nQualit\u00e9: 100% coton [&#8230;]<\/p>\n<p><a class=\"btn btn-secondary understrap-read-more-link\" href=\"https:\/\/promz.be\/fr\/product\/torchon-carre\/\">Lire la suite&#8230;<\/a><\/p>\n","protected":false},"featured_media":17762,"comment_status":"closed","ping_status":"closed","template":"","meta":[],"product_cat":[986,957],"product_tag":[],"_links":{"self":[{"href":"https:\/\/promz.be\/fr\/wp-json\/wp\/v2\/product\/17498"}],"collection":[{"href":"https:\/\/promz.be\/fr\/wp-json\/wp\/v2\/product"}],"about":[{"href":"https:\/\/promz.be\/fr\/wp-json\/wp\/v2\/types\/product"}],"replies":[{"embeddable":true,"href":"https:\/\/promz.be\/fr\/wp-json\/wp\/v2\/comments?post=17498"}],"wp:featuredmedia":[{"embeddable":true,"href":"https:\/\/promz.be\/fr\/wp-json\/wp\/v2\/media\/17762"}],"wp:attachment":[{"href":"https:\/\/promz.be\/fr\/wp-json\/wp\/v2\/media?parent=17498"}],"wp:term":[{"taxonomy":"product_cat","embeddable":true,"href":"https:\/\/promz.be\/fr\/wp-json\/wp\/v2\/product_cat?post=17498"},{"taxonomy":"product_tag","embeddable":true,"href":"https:\/\/promz.be\/fr\/wp-json\/wp\/v2\/product_tag?post=17498"}],"curies":[{"name":"wp","href":"https:\/\/api.w.org\/{rel}","templated":true}]}}