{"id":17502,"date":"2018-09-26T00:00:00","date_gmt":"2018-11-15T23:00:00","guid":{"rendered":"https:\/\/promz.be\/product\/bavoir-uni\/"},"modified":"2019-01-09T10:07:11","modified_gmt":"2019-01-09T09:07:11","slug":"bavoir-uni","status":"publish","type":"product","link":"https:\/\/promz.be\/fr\/product\/bavoir-uni\/","title":{"rendered":"Bavoir uni"},"content":{"rendered":"<p>Bavoirs unis. Finition tr\u00e8s bien soign\u00e9e avec biais tout autour. Finition avec cordons . Peut parfaitemenet \u00eatre personalis\u00e9 par broderie.<br \/>\nPoids: 380 gr\/m2<br \/>\nQualit\u00e9: 100 coton<\/p>\n","protected":false},"excerpt":{"rendered":"<p>Bavoirs unis. Finition tr\u00e8s bien soign\u00e9e avec biais tout autour. Finition avec cordons . Peut parfaitemenet \u00eatre personalis\u00e9 par broderie.<br \/>\nPoids: 380 gr\/m2<br \/>\nQualit\u00e9: 100 coton [&#8230;]<\/p>\n<p><a class=\"btn btn-secondary understrap-read-more-link\" href=\"https:\/\/promz.be\/fr\/product\/bavoir-uni\/\">Lire la suite&#8230;<\/a><\/p>\n","protected":false},"featured_media":17549,"comment_status":"closed","ping_status":"closed","template":"","meta":[],"product_cat":[957,992],"product_tag":[],"_links":{"self":[{"href":"https:\/\/promz.be\/fr\/wp-json\/wp\/v2\/product\/17502"}],"collection":[{"href":"https:\/\/promz.be\/fr\/wp-json\/wp\/v2\/product"}],"about":[{"href":"https:\/\/promz.be\/fr\/wp-json\/wp\/v2\/types\/product"}],"replies":[{"embeddable":true,"href":"https:\/\/promz.be\/fr\/wp-json\/wp\/v2\/comments?post=17502"}],"wp:featuredmedia":[{"embeddable":true,"href":"https:\/\/promz.be\/fr\/wp-json\/wp\/v2\/media\/17549"}],"wp:attachment":[{"href":"https:\/\/promz.be\/fr\/wp-json\/wp\/v2\/media?parent=17502"}],"wp:term":[{"taxonomy":"product_cat","embeddable":true,"href":"https:\/\/promz.be\/fr\/wp-json\/wp\/v2\/product_cat?post=17502"},{"taxonomy":"product_tag","embeddable":true,"href":"https:\/\/promz.be\/fr\/wp-json\/wp\/v2\/product_tag?post=17502"}],"curies":[{"name":"wp","href":"https:\/\/api.w.org\/{rel}","templated":true}]}}