{"id":17503,"date":"2018-08-27T00:00:00","date_gmt":"2018-10-07T22:00:00","guid":{"rendered":"https:\/\/promz.be\/product\/cap-de-bain-uni\/"},"modified":"2019-01-09T10:31:08","modified_gmt":"2019-01-09T09:31:08","slug":"cap-de-bain-uni","status":"publish","type":"product","link":"https:\/\/promz.be\/fr\/product\/cap-de-bain-uni\/","title":{"rendered":"Cap de bain Uni"},"content":{"rendered":"<p>Cape de bain , grand et tr\u00e8s doux pour votre petits. Confection tr\u00e8s bien soign\u00e9e avec biais tout autour.<br \/>\nPoids: 380 gr\/m2<br \/>\nQualit\u00e9: 100% coton<\/p>\n","protected":false},"excerpt":{"rendered":"<p>Cape de bain , grand et tr\u00e8s doux pour votre petits. Confection tr\u00e8s bien soign\u00e9e avec biais tout autour.<br \/>\nPoids: 380 gr\/m2<br \/>\nQualit\u00e9: 100% coton [&#8230;]<\/p>\n<p><a class=\"btn btn-secondary understrap-read-more-link\" href=\"https:\/\/promz.be\/fr\/product\/cap-de-bain-uni\/\">Lire la suite&#8230;<\/a><\/p>\n","protected":false},"featured_media":17696,"comment_status":"closed","ping_status":"closed","template":"","meta":[],"product_cat":[957,992],"product_tag":[],"_links":{"self":[{"href":"https:\/\/promz.be\/fr\/wp-json\/wp\/v2\/product\/17503"}],"collection":[{"href":"https:\/\/promz.be\/fr\/wp-json\/wp\/v2\/product"}],"about":[{"href":"https:\/\/promz.be\/fr\/wp-json\/wp\/v2\/types\/product"}],"replies":[{"embeddable":true,"href":"https:\/\/promz.be\/fr\/wp-json\/wp\/v2\/comments?post=17503"}],"wp:featuredmedia":[{"embeddable":true,"href":"https:\/\/promz.be\/fr\/wp-json\/wp\/v2\/media\/17696"}],"wp:attachment":[{"href":"https:\/\/promz.be\/fr\/wp-json\/wp\/v2\/media?parent=17503"}],"wp:term":[{"taxonomy":"product_cat","embeddable":true,"href":"https:\/\/promz.be\/fr\/wp-json\/wp\/v2\/product_cat?post=17503"},{"taxonomy":"product_tag","embeddable":true,"href":"https:\/\/promz.be\/fr\/wp-json\/wp\/v2\/product_tag?post=17503"}],"curies":[{"name":"wp","href":"https:\/\/api.w.org\/{rel}","templated":true}]}}