{"id":17505,"date":"2018-08-03T00:00:00","date_gmt":"2018-08-22T22:00:00","guid":{"rendered":"https:\/\/promz.be\/product\/plaids-soft-coral-fleece\/"},"modified":"2019-01-09T10:51:30","modified_gmt":"2019-01-09T09:51:30","slug":"plaids-soft-coral-fleece","status":"publish","type":"product","link":"https:\/\/promz.be\/fr\/product\/plaids-soft-coral-fleece\/","title":{"rendered":"Plaids Soft Coral Fleece"},"content":{"rendered":"<p>Des plaids ultra douces dans des coloris tendances. Ces nouveaux plaids avec une structure en corail sont tr\u00e8s jolies et vous assurent de la chaleur et de l&#8217;ambiance, le soir \u00e0 la maison ou sur votre terrasse d&#8217;\u00e9t\u00e9. En plus ils sont emball\u00e9s dans une housse de transport tr\u00e8s pratique.<br \/>\nPoids: 280 gr\/m2<br \/>\nQualit\u00e9: 100% polyester<\/p>\n","protected":false},"excerpt":{"rendered":"<p>Des plaids ultra douces dans des coloris tendances. Ces nouveaux plaids avec une structure en corail sont tr\u00e8s jolies et vous assurent de la chaleur et de l&#8217;ambiance, le soir \u00e0 la maison ou sur votre terrasse d&#8217;\u00e9t\u00e9. En plus ils sont emball\u00e9s dans une housse de transport tr\u00e8s pratique.<br \/>\nPoids: 280 gr\/m2<br \/>\nQualit\u00e9: 100% polyester [&#8230;]<\/p>\n<p><a class=\"btn btn-secondary understrap-read-more-link\" href=\"https:\/\/promz.be\/fr\/product\/plaids-soft-coral-fleece\/\">Lire la suite&#8230;<\/a><\/p>\n","protected":false},"featured_media":17649,"comment_status":"closed","ping_status":"closed","template":"","meta":[],"product_cat":[1037,957],"product_tag":[],"_links":{"self":[{"href":"https:\/\/promz.be\/fr\/wp-json\/wp\/v2\/product\/17505"}],"collection":[{"href":"https:\/\/promz.be\/fr\/wp-json\/wp\/v2\/product"}],"about":[{"href":"https:\/\/promz.be\/fr\/wp-json\/wp\/v2\/types\/product"}],"replies":[{"embeddable":true,"href":"https:\/\/promz.be\/fr\/wp-json\/wp\/v2\/comments?post=17505"}],"wp:featuredmedia":[{"embeddable":true,"href":"https:\/\/promz.be\/fr\/wp-json\/wp\/v2\/media\/17649"}],"wp:attachment":[{"href":"https:\/\/promz.be\/fr\/wp-json\/wp\/v2\/media?parent=17505"}],"wp:term":[{"taxonomy":"product_cat","embeddable":true,"href":"https:\/\/promz.be\/fr\/wp-json\/wp\/v2\/product_cat?post=17505"},{"taxonomy":"product_tag","embeddable":true,"href":"https:\/\/promz.be\/fr\/wp-json\/wp\/v2\/product_tag?post=17505"}],"curies":[{"name":"wp","href":"https:\/\/api.w.org\/{rel}","templated":true}]}}