{"id":17511,"date":"2018-06-08T00:00:00","date_gmt":"2018-11-06T23:00:00","guid":{"rendered":"https:\/\/promz.be\/product\/torchon-small-sardine-imprime\/"},"modified":"2019-01-09T10:55:35","modified_gmt":"2019-01-09T09:55:35","slug":"torchon-small-sardine-imprime","status":"publish","type":"product","link":"https:\/\/promz.be\/fr\/product\/torchon-small-sardine-imprime\/","title":{"rendered":"Torchon Small Sardine Imprim\u00e9"},"content":{"rendered":"<p>Torchon Small Sardine imprim\u00e9, parfait \u00e0 combiner avec les torchons jacquard Sardine et School Of Fish.<\/p>\n","protected":false},"excerpt":{"rendered":"<p>Torchon Small Sardine imprim\u00e9, parfait \u00e0 combiner avec les torchons jacquard Sardine et School Of Fish. [&#8230;]<\/p>\n<p><a class=\"btn btn-secondary understrap-read-more-link\" href=\"https:\/\/promz.be\/fr\/product\/torchon-small-sardine-imprime\/\">Lire la suite&#8230;<\/a><\/p>\n","protected":false},"featured_media":17780,"comment_status":"closed","ping_status":"closed","template":"","meta":[],"product_cat":[947,984],"product_tag":[],"_links":{"self":[{"href":"https:\/\/promz.be\/fr\/wp-json\/wp\/v2\/product\/17511"}],"collection":[{"href":"https:\/\/promz.be\/fr\/wp-json\/wp\/v2\/product"}],"about":[{"href":"https:\/\/promz.be\/fr\/wp-json\/wp\/v2\/types\/product"}],"replies":[{"embeddable":true,"href":"https:\/\/promz.be\/fr\/wp-json\/wp\/v2\/comments?post=17511"}],"wp:featuredmedia":[{"embeddable":true,"href":"https:\/\/promz.be\/fr\/wp-json\/wp\/v2\/media\/17780"}],"wp:attachment":[{"href":"https:\/\/promz.be\/fr\/wp-json\/wp\/v2\/media?parent=17511"}],"wp:term":[{"taxonomy":"product_cat","embeddable":true,"href":"https:\/\/promz.be\/fr\/wp-json\/wp\/v2\/product_cat?post=17511"},{"taxonomy":"product_tag","embeddable":true,"href":"https:\/\/promz.be\/fr\/wp-json\/wp\/v2\/product_tag?post=17511"}],"curies":[{"name":"wp","href":"https:\/\/api.w.org\/{rel}","templated":true}]}}