{"id":17522,"date":"2018-07-17T00:00:00","date_gmt":"2018-11-15T23:00:00","guid":{"rendered":"https:\/\/promz.be\/product\/royale-linge-de-bain\/"},"modified":"2019-01-09T10:48:50","modified_gmt":"2019-01-09T09:48:50","slug":"royale-linge-de-bain","status":"publish","type":"product","link":"https:\/\/promz.be\/fr\/product\/royale-linge-de-bain\/","title":{"rendered":"Royale Linge de Bain"},"content":{"rendered":"<p>Notre toucher &#8220;Royale&#8221;! Notre top belge ! Profitez du confort de l&#8217;h\u00f4tel avec notre linge de bain Royale \u00e0 la maison. Avec sa touche duveteuse et son volume \u00e9lev\u00e9, il offre une valeur ajout\u00e9e absolue dans votre salle de bain, pour votre entreprise ou dans votre propre collection. Haut de gamme belge, de qualit\u00e9 traditionnelle dans des couleurs \u00e9l\u00e9gantes et chaudes. Serviettes de toilette, gants et draps de bain luxueuses et douces , avec une longue dur\u00e9e de vie et une tr\u00e8s bonne absorption gr\u00e2ce \u00e0 la bouclette en fil retors . La gamma Royal est \u00e9galement disponible en serviettes d\u2019invit\u00e9, pratiques dans les toilettes \u00e0 la maison ou dans votre restaurant.<br \/>\nPoids: 500 gr\/m2<br \/>\nQualit\u00e9: 100% coton<\/p>\n","protected":false},"excerpt":{"rendered":"<p>Notre toucher &#8220;Royale&#8221;! Notre top belge ! Profitez du confort de l&#8217;h\u00f4tel avec notre linge de bain Royale \u00e0 la maison. Avec sa touche duveteuse et son volume \u00e9lev\u00e9, il offre une valeur ajout\u00e9e absolue dans votre salle de bain, pour votre entreprise ou dans votre propre collection. Haut de gamme belge, de qualit\u00e9 traditionnelle dans des couleurs \u00e9l\u00e9gantes et chaudes. Serviettes de toilette, gants et draps de bain luxueuses et douces , avec une longue dur\u00e9e de vie et une tr\u00e8s bonne absorption gr\u00e2ce \u00e0 la bouclette en fil retors . La gamma Royal est \u00e9galement disponible en serviettes d\u2019invit\u00e9, pratiques dans les toilettes \u00e0 la maison ou dans votre restaurant.<br \/>\nPoids: 500 gr\/m2<br \/>\nQualit\u00e9: 100% coton [&#8230;]<\/p>\n<p><a class=\"btn btn-secondary understrap-read-more-link\" href=\"https:\/\/promz.be\/fr\/product\/royale-linge-de-bain\/\">Lire la suite&#8230;<\/a><\/p>\n","protected":false},"featured_media":17768,"comment_status":"closed","ping_status":"closed","template":"","meta":[],"product_cat":[949,963],"product_tag":[],"_links":{"self":[{"href":"https:\/\/promz.be\/fr\/wp-json\/wp\/v2\/product\/17522"}],"collection":[{"href":"https:\/\/promz.be\/fr\/wp-json\/wp\/v2\/product"}],"about":[{"href":"https:\/\/promz.be\/fr\/wp-json\/wp\/v2\/types\/product"}],"replies":[{"embeddable":true,"href":"https:\/\/promz.be\/fr\/wp-json\/wp\/v2\/comments?post=17522"}],"wp:featuredmedia":[{"embeddable":true,"href":"https:\/\/promz.be\/fr\/wp-json\/wp\/v2\/media\/17768"}],"wp:attachment":[{"href":"https:\/\/promz.be\/fr\/wp-json\/wp\/v2\/media?parent=17522"}],"wp:term":[{"taxonomy":"product_cat","embeddable":true,"href":"https:\/\/promz.be\/fr\/wp-json\/wp\/v2\/product_cat?post=17522"},{"taxonomy":"product_tag","embeddable":true,"href":"https:\/\/promz.be\/fr\/wp-json\/wp\/v2\/product_tag?post=17522"}],"curies":[{"name":"wp","href":"https:\/\/api.w.org\/{rel}","templated":true}]}}