{"id":17523,"date":"2018-11-20T00:00:00","date_gmt":"2018-07-11T22:00:00","guid":{"rendered":"https:\/\/promz.be\/product\/talis-linge-de-bain\/"},"modified":"2019-01-09T09:46:44","modified_gmt":"2019-01-09T08:46:44","slug":"talis-linge-de-bain","status":"publish","type":"product","link":"https:\/\/promz.be\/fr\/product\/talis-linge-de-bain\/","title":{"rendered":"Talis Linge de Bain"},"content":{"rendered":"<p>Le luxe intemporel belge! Ces belles serviettes sont tiss\u00e9es avec du fil peign\u00e9. Seules les fibres de coton les plus longues et les meilleures sont utilis\u00e9es, ce qui nous donne des serviettes belges de premi\u00e8re qualit\u00e9, douces, durables et tr\u00e8s absorbantes. Nos textiles de bain Talis offrent une large gamme de couleurs chaudes et profondes. Des teintes douces et naturelles comme le beige, l&#8217;ivoire, le blanc,&#8230; mais aussi diff\u00e9rents bleus et des couleurs plus prononc\u00e9es comme le bordeaux, l&#8217;orange, le vert vif,&#8230;.. En plus des serviettes de toilette, des gants et draps de bain , les \u00e9ponges Talis sont \u00e9galement disponibles en serviettes d&#8217;invit\u00e9s, et serviettes de bain maxi , id\u00e9ales pour le sauna ou le bien-\u00eatre. Pour compl\u00e9ter la gamme Talis, des tapis de bain sont \u00e9galement disponibles et vous pouvez parfaitement combiner le linge avec nos peignoirs de bain Classic.<br \/>\nPoids: 500 gr\/m2<br \/>\nQualit\u00e9: 100% coton<\/p>\n","protected":false},"excerpt":{"rendered":"<p>Le luxe intemporel belge! Ces belles serviettes sont tiss\u00e9es avec du fil peign\u00e9. Seules les fibres de coton les plus longues et les meilleures sont utilis\u00e9es, ce qui nous donne des serviettes belges de premi\u00e8re qualit\u00e9, douces, durables et tr\u00e8s absorbantes. Nos textiles de bain Talis offrent une large gamme de couleurs chaudes et profondes. Des teintes douces et naturelles comme le beige, l&#8217;ivoire, le blanc,&#8230; mais aussi diff\u00e9rents bleus et des couleurs plus prononc\u00e9es comme le bordeaux, l&#8217;orange, le vert vif,&#8230;.. En plus des serviettes de toilette, des gants et draps de bain , les \u00e9ponges Talis sont \u00e9galement disponibles en serviettes d&#8217;invit\u00e9s, et serviettes de bain maxi , id\u00e9ales pour le sauna ou le bien-\u00eatre. Pour compl\u00e9ter la gamme Talis, des tapis de bain sont \u00e9galement disponibles et vous pouvez parfaitement combiner le linge avec nos peignoirs de bain Classic.<br \/>\nPoids: 500 gr\/m2<br \/>\nQualit\u00e9: 100% coton [&#8230;]<\/p>\n<p><a class=\"btn btn-secondary understrap-read-more-link\" href=\"https:\/\/promz.be\/fr\/product\/talis-linge-de-bain\/\">Lire la suite&#8230;<\/a><\/p>\n","protected":false},"featured_media":17635,"comment_status":"closed","ping_status":"closed","template":"","meta":[],"product_cat":[949,963],"product_tag":[],"_links":{"self":[{"href":"https:\/\/promz.be\/fr\/wp-json\/wp\/v2\/product\/17523"}],"collection":[{"href":"https:\/\/promz.be\/fr\/wp-json\/wp\/v2\/product"}],"about":[{"href":"https:\/\/promz.be\/fr\/wp-json\/wp\/v2\/types\/product"}],"replies":[{"embeddable":true,"href":"https:\/\/promz.be\/fr\/wp-json\/wp\/v2\/comments?post=17523"}],"wp:featuredmedia":[{"embeddable":true,"href":"https:\/\/promz.be\/fr\/wp-json\/wp\/v2\/media\/17635"}],"wp:attachment":[{"href":"https:\/\/promz.be\/fr\/wp-json\/wp\/v2\/media?parent=17523"}],"wp:term":[{"taxonomy":"product_cat","embeddable":true,"href":"https:\/\/promz.be\/fr\/wp-json\/wp\/v2\/product_cat?post=17523"},{"taxonomy":"product_tag","embeddable":true,"href":"https:\/\/promz.be\/fr\/wp-json\/wp\/v2\/product_tag?post=17523"}],"curies":[{"name":"wp","href":"https:\/\/api.w.org\/{rel}","templated":true}]}}