{"id":17529,"date":"2018-07-02T00:00:00","date_gmt":"2018-11-04T23:00:00","guid":{"rendered":"https:\/\/promz.be\/product\/panier-avec-7-serviettes-invitees\/"},"modified":"2019-01-09T10:45:52","modified_gmt":"2019-01-09T09:45:52","slug":"panier-avec-7-serviettes-invitees","status":"publish","type":"product","link":"https:\/\/promz.be\/fr\/product\/panier-avec-7-serviettes-invitees\/","title":{"rendered":"Panier avec 7 serviettes invit\u00e9es"},"content":{"rendered":"<p>Cadeau original, panier pratique contenant 7 serviettes invit\u00e9es en 100% coton. Id\u00e9al dans la salle de bain ou pour le lavabo. Panier fabriqu\u00e9 en coton en structure nid d&#8217;abeille. Disponible en 2 couleurs , gris avec blanc, beige avec ivoire. Peut \u00e9galement \u00eatre personnalis\u00e9.<br \/>\nPoids: 400 gr\/m2<br \/>\nQualit\u00e9: 100% coton<\/p>\n","protected":false},"excerpt":{"rendered":"<p>Cadeau original, panier pratique contenant 7 serviettes invit\u00e9es en 100% coton. Id\u00e9al dans la salle de bain ou pour le lavabo. Panier fabriqu\u00e9 en coton en structure nid d&#8217;abeille. Disponible en 2 couleurs , gris avec blanc, beige avec ivoire. Peut \u00e9galement \u00eatre personnalis\u00e9.<br \/>\nPoids: 400 gr\/m2<br \/>\nQualit\u00e9: 100% coton [&#8230;]<\/p>\n<p><a class=\"btn btn-secondary understrap-read-more-link\" href=\"https:\/\/promz.be\/fr\/product\/panier-avec-7-serviettes-invitees\/\">Lire la suite&#8230;<\/a><\/p>\n","protected":false},"featured_media":17746,"comment_status":"closed","ping_status":"closed","template":"","meta":[],"product_cat":[1035,949],"product_tag":[],"_links":{"self":[{"href":"https:\/\/promz.be\/fr\/wp-json\/wp\/v2\/product\/17529"}],"collection":[{"href":"https:\/\/promz.be\/fr\/wp-json\/wp\/v2\/product"}],"about":[{"href":"https:\/\/promz.be\/fr\/wp-json\/wp\/v2\/types\/product"}],"replies":[{"embeddable":true,"href":"https:\/\/promz.be\/fr\/wp-json\/wp\/v2\/comments?post=17529"}],"wp:featuredmedia":[{"embeddable":true,"href":"https:\/\/promz.be\/fr\/wp-json\/wp\/v2\/media\/17746"}],"wp:attachment":[{"href":"https:\/\/promz.be\/fr\/wp-json\/wp\/v2\/media?parent=17529"}],"wp:term":[{"taxonomy":"product_cat","embeddable":true,"href":"https:\/\/promz.be\/fr\/wp-json\/wp\/v2\/product_cat?post=17529"},{"taxonomy":"product_tag","embeddable":true,"href":"https:\/\/promz.be\/fr\/wp-json\/wp\/v2\/product_tag?post=17529"}],"curies":[{"name":"wp","href":"https:\/\/api.w.org\/{rel}","templated":true}]}}