{"id":17530,"date":"2018-08-08T00:00:00","date_gmt":"2018-09-12T22:00:00","guid":{"rendered":"https:\/\/promz.be\/product\/serviette-coiffure\/"},"modified":"2019-01-09T10:33:43","modified_gmt":"2019-01-09T09:33:43","slug":"serviette-coiffure","status":"publish","type":"product","link":"https:\/\/promz.be\/fr\/product\/serviette-coiffure\/","title":{"rendered":"Serviette Coiffure"},"content":{"rendered":"<p>Ces serviettes coiffeurs sont sp\u00e9cialement grand teint ! Gr\u00e2ce \u00e0 cette teinture , ils r\u00e9sistent aux produits souvent agressifs qui sont utilis\u00e9 dans le monde des coiffeurs. En plus, elles sont fabriqu\u00e9es dans un grammage l\u00e9g\u00e9r, ce qui est pratique dans l&#8217;entretien . Vous \u00e9pargnez de l&#8217;\u00e9nergie. La bouclette de la serviette est \u00e9galement petite, pour \u00e9viter les accrochages.<br \/>\nPoids: 320 gr\/m2<br \/>\nQualit\u00e9: 100% coton<\/p>\n","protected":false},"excerpt":{"rendered":"<p>Ces serviettes coiffeurs sont sp\u00e9cialement grand teint ! Gr\u00e2ce \u00e0 cette teinture , ils r\u00e9sistent aux produits souvent agressifs qui sont utilis\u00e9 dans le monde des coiffeurs. En plus, elles sont fabriqu\u00e9es dans un grammage l\u00e9g\u00e9r, ce qui est pratique dans l&#8217;entretien . Vous \u00e9pargnez de l&#8217;\u00e9nergie. La bouclette de la serviette est \u00e9galement petite, pour \u00e9viter les accrochages.<br \/>\nPoids: 320 gr\/m2<br \/>\nQualit\u00e9: 100% coton [&#8230;]<\/p>\n<p><a class=\"btn btn-secondary understrap-read-more-link\" href=\"https:\/\/promz.be\/fr\/product\/serviette-coiffure\/\">Lire la suite&#8230;<\/a><\/p>\n","protected":false},"featured_media":17659,"comment_status":"closed","ping_status":"closed","template":"","meta":[],"product_cat":[1035,949],"product_tag":[],"_links":{"self":[{"href":"https:\/\/promz.be\/fr\/wp-json\/wp\/v2\/product\/17530"}],"collection":[{"href":"https:\/\/promz.be\/fr\/wp-json\/wp\/v2\/product"}],"about":[{"href":"https:\/\/promz.be\/fr\/wp-json\/wp\/v2\/types\/product"}],"replies":[{"embeddable":true,"href":"https:\/\/promz.be\/fr\/wp-json\/wp\/v2\/comments?post=17530"}],"wp:featuredmedia":[{"embeddable":true,"href":"https:\/\/promz.be\/fr\/wp-json\/wp\/v2\/media\/17659"}],"wp:attachment":[{"href":"https:\/\/promz.be\/fr\/wp-json\/wp\/v2\/media?parent=17530"}],"wp:term":[{"taxonomy":"product_cat","embeddable":true,"href":"https:\/\/promz.be\/fr\/wp-json\/wp\/v2\/product_cat?post=17530"},{"taxonomy":"product_tag","embeddable":true,"href":"https:\/\/promz.be\/fr\/wp-json\/wp\/v2\/product_tag?post=17530"}],"curies":[{"name":"wp","href":"https:\/\/api.w.org\/{rel}","templated":true}]}}