{"id":17532,"date":"2018-10-31T00:00:00","date_gmt":"2018-09-17T22:00:00","guid":{"rendered":"https:\/\/promz.be\/product\/carre-cuisine\/"},"modified":"2019-01-09T09:53:51","modified_gmt":"2019-01-09T08:53:51","slug":"carre-cuisine","status":"publish","type":"product","link":"https:\/\/promz.be\/fr\/product\/carre-cuisine\/","title":{"rendered":"Carr\u00e9 Cuisine"},"content":{"rendered":"<p>Carr\u00e9 de cuisine , dim 50&#215;50 cm, en 100% % coton. Id\u00e9al pour se laver les mains dans la cuisine.<br \/>\nPoids: 400 gr\/m2<br \/>\nQualit\u00e9: 100% coton<\/p>\n","protected":false},"excerpt":{"rendered":"<p>Carr\u00e9 de cuisine , dim 50&#215;50 cm, en 100% % coton. Id\u00e9al pour se laver les mains dans la cuisine.<br \/>\nPoids: 400 gr\/m2<br \/>\nQualit\u00e9: 100% coton [&#8230;]<\/p>\n<p><a class=\"btn btn-secondary understrap-read-more-link\" href=\"https:\/\/promz.be\/fr\/product\/carre-cuisine\/\">Lire la suite&#8230;<\/a><\/p>\n","protected":false},"featured_media":17597,"comment_status":"closed","ping_status":"closed","template":"","meta":[],"product_cat":[988,950],"product_tag":[],"_links":{"self":[{"href":"https:\/\/promz.be\/fr\/wp-json\/wp\/v2\/product\/17532"}],"collection":[{"href":"https:\/\/promz.be\/fr\/wp-json\/wp\/v2\/product"}],"about":[{"href":"https:\/\/promz.be\/fr\/wp-json\/wp\/v2\/types\/product"}],"replies":[{"embeddable":true,"href":"https:\/\/promz.be\/fr\/wp-json\/wp\/v2\/comments?post=17532"}],"wp:featuredmedia":[{"embeddable":true,"href":"https:\/\/promz.be\/fr\/wp-json\/wp\/v2\/media\/17597"}],"wp:attachment":[{"href":"https:\/\/promz.be\/fr\/wp-json\/wp\/v2\/media?parent=17532"}],"wp:term":[{"taxonomy":"product_cat","embeddable":true,"href":"https:\/\/promz.be\/fr\/wp-json\/wp\/v2\/product_cat?post=17532"},{"taxonomy":"product_tag","embeddable":true,"href":"https:\/\/promz.be\/fr\/wp-json\/wp\/v2\/product_tag?post=17532"}],"curies":[{"name":"wp","href":"https:\/\/api.w.org\/{rel}","templated":true}]}}