{"id":17535,"date":"2018-07-09T00:00:00","date_gmt":"2018-06-06T22:00:00","guid":{"rendered":"https:\/\/promz.be\/product\/torchon-cuisine\/"},"modified":"2019-01-09T10:47:24","modified_gmt":"2019-01-09T09:47:24","slug":"torchon-cuisine","status":"publish","type":"product","link":"https:\/\/promz.be\/fr\/product\/torchon-cuisine\/","title":{"rendered":"Torchon Cuisine"},"content":{"rendered":"<p>Ce torchon cuisine en coton va vous emmener dans le pass\u00e9. Le design intemporel \u00e9tait populaire dans le temps de votre grand-m\u00e8re et reste populaire aujourd\u2019hui. Indispensable dans votre cuisine.<\/p>\n","protected":false},"excerpt":{"rendered":"<p>Ce torchon cuisine en coton va vous emmener dans le pass\u00e9. Le design intemporel \u00e9tait populaire dans le temps de votre grand-m\u00e8re et reste populaire aujourd\u2019hui. Indispensable dans votre cuisine. [&#8230;]<\/p>\n<p><a class=\"btn btn-secondary understrap-read-more-link\" href=\"https:\/\/promz.be\/fr\/product\/torchon-cuisine\/\">Lire la suite&#8230;<\/a><\/p>\n","protected":false},"featured_media":17756,"comment_status":"closed","ping_status":"closed","template":"","meta":[],"product_cat":[988,950],"product_tag":[],"_links":{"self":[{"href":"https:\/\/promz.be\/fr\/wp-json\/wp\/v2\/product\/17535"}],"collection":[{"href":"https:\/\/promz.be\/fr\/wp-json\/wp\/v2\/product"}],"about":[{"href":"https:\/\/promz.be\/fr\/wp-json\/wp\/v2\/types\/product"}],"replies":[{"embeddable":true,"href":"https:\/\/promz.be\/fr\/wp-json\/wp\/v2\/comments?post=17535"}],"wp:featuredmedia":[{"embeddable":true,"href":"https:\/\/promz.be\/fr\/wp-json\/wp\/v2\/media\/17756"}],"wp:attachment":[{"href":"https:\/\/promz.be\/fr\/wp-json\/wp\/v2\/media?parent=17535"}],"wp:term":[{"taxonomy":"product_cat","embeddable":true,"href":"https:\/\/promz.be\/fr\/wp-json\/wp\/v2\/product_cat?post=17535"},{"taxonomy":"product_tag","embeddable":true,"href":"https:\/\/promz.be\/fr\/wp-json\/wp\/v2\/product_tag?post=17535"}],"curies":[{"name":"wp","href":"https:\/\/api.w.org\/{rel}","templated":true}]}}